{"id":107,"date":"2020-03-29T15:09:04","date_gmt":"2020-03-29T13:09:04","guid":{"rendered":"http:\/\/www.finansus.pl\/finansus-dev\/?page_id=107"},"modified":"2020-03-29T15:09:05","modified_gmt":"2020-03-29T13:09:05","slug":"kontakt","status":"publish","type":"page","link":"http:\/\/www.finansus.pl\/finansus-dev\/kontakt\/","title":{"rendered":"Kontakt"},"content":{"rendered":"\n<p>Biuro Us\u0142ug Rachunkowych i Doradztwa<br>FINANSUS Sp\u00f3\u0142ka Jawna<br>Jacek i Monika Kalinowscy<\/p>\n\n\n\n<p>ADRES:<br>95-050 Konstantyn\u00f3w \u0141\u00f3dzki<br>ul. G\u00f3rna 16A<br>tel.:&nbsp;+48 502 722 434<br>NIP: 731-18-53-151<br>REGON: 473100689<br>KRS: 0000154743<\/p>\n\n\n\n<p>E-mail: <a href=\"mailto:finansus@finansus.pl\">finansus@finansus.pl<\/a><\/p>\n","protected":false},"excerpt":{"rendered":"<p>Biuro Us\u0142ug Rachunkowych i DoradztwaFINANSUS Sp\u00f3\u0142ka JawnaJacek i Monika Kalinowscy ADRES:95-050 Konstantyn\u00f3w \u0141\u00f3dzkiul. G\u00f3rna 16Atel.:&nbsp;+48 502 722 434NIP: 731-18-53-151REGON: 473100689KRS: 0000154743 E-mail: finansus@finansus.pl<\/p>\n","protected":false},"author":1,"featured_media":0,"parent":0,"menu_order":0,"comment_status":"closed","ping_status":"closed","template":"","meta":[],"_links":{"self":[{"href":"http:\/\/www.finansus.pl\/finansus-dev\/wp-json\/wp\/v2\/pages\/107"}],"collection":[{"href":"http:\/\/www.finansus.pl\/finansus-dev\/wp-json\/wp\/v2\/pages"}],"about":[{"href":"http:\/\/www.finansus.pl\/finansus-dev\/wp-json\/wp\/v2\/types\/page"}],"author":[{"embeddable":true,"href":"http:\/\/www.finansus.pl\/finansus-dev\/wp-json\/wp\/v2\/users\/1"}],"replies":[{"embeddable":true,"href":"http:\/\/www.finansus.pl\/finansus-dev\/wp-json\/wp\/v2\/comments?post=107"}],"version-history":[{"count":1,"href":"http:\/\/www.finansus.pl\/finansus-dev\/wp-json\/wp\/v2\/pages\/107\/revisions"}],"predecessor-version":[{"id":108,"href":"http:\/\/www.finansus.pl\/finansus-dev\/wp-json\/wp\/v2\/pages\/107\/revisions\/108"}],"wp:attachment":[{"href":"http:\/\/www.finansus.pl\/finansus-dev\/wp-json\/wp\/v2\/media?parent=107"}],"curies":[{"name":"wp","href":"https:\/\/api.w.org\/{rel}","templated":true}]}}