{"id":21,"date":"2020-03-22T11:48:16","date_gmt":"2020-03-22T10:48:16","guid":{"rendered":"http:\/\/www.finansus.pl\/finansus-dev\/?page_id=21"},"modified":"2020-05-20T12:19:16","modified_gmt":"2020-05-20T10:19:16","slug":"oceny-zewnetrzne-audytu-wewnetrznego","status":"publish","type":"page","link":"http:\/\/www.finansus.pl\/finansus-dev\/audyt\/oceny-zewnetrzne-audytu-wewnetrznego\/","title":{"rendered":"Oceny zewn\u0119trzne audytu wewn\u0119trznego"},"content":{"rendered":"\n<p><strong>Cel oceny zewn\u0119trznej audytu wewn\u0119trznego<\/strong><strong><\/strong><\/p>\n\n\n\n<p>Zgodnie ze <strong>Standardami IIA<br>1312 &#8211; Oceny zewn\u0119trzne<\/strong><\/p>\n\n\n\n<p>Oceny zewn\u0119trzne musz\u0105 by\u0107 przeprowadzane przynajmniej raz na pi\u0119\u0107 lat przez wykwalifikowan\u0105 osob\u0119 lub zesp\u00f3\u0142 spoza organizacji. Odpowiednio wykwalifikowana osoba lub zesp\u00f3\u0142 oceniaj\u0105cy sk\u0142ada si\u0119 z grupy ludzi kompetentnych.<\/p>\n\n\n\n<p><strong>Audytorzy wchodz\u0105cy w sk\u0142ad zespo\u0142u oceniaj\u0105cego posiadaj\u0105:<\/strong><\/p>\n\n\n\n<ul><li>uprawnienia audytorskie \u2013 Certified Internal Auditor (CIA) oraz za\u015bwiadczenia Ministra Finans\u00f3w o z\u0142o\u017ceniu z wynikiem pozytywnym egzaminu na audytora wewn\u0119trznego,<\/li><li>odby\u0142y szkolenie zako\u0144czone egzaminem w zakresie dokonywania ocen zewn\u0119trznych, realizowane przez Instytut Audytor\u00f3w Wewn\u0119trznych IIA (Internal Audit Quality Assessment),<\/li><li>wieloletnie do\u015bwiadczenie w prowadzeniu audytu wewn\u0119trznego i zewn\u0119trznego oraz w zarz\u0105dzaniu kom\u00f3rk\u0105 audytu.<\/li><\/ul>\n\n\n\n<p><strong>&nbsp;&nbsp;&nbsp;&nbsp;&nbsp;&nbsp;&nbsp;&nbsp;&nbsp;&nbsp;&nbsp; Spos\u00f3b przeprowadzenia us\u0142ugi<\/strong><\/p>\n\n\n\n<p><strong>FINANSUS Sp. J. oferuje Pa\u0144stwu przeprowadzenie zewn\u0119trznej oceny audytu wewn\u0119trznego w postaci:<\/strong><\/p>\n\n\n\n<p><strong>PE\u0141NEJ OCENY ZEWN\u0118TRZNEJ<\/strong><\/p>\n\n\n\n<ul><li>zgodnie z wymaganiami Mi\u0119dzynarodowych Standard\u00f3w Praktyki Zawodowej Audytu Wewn\u0119trznego IIA (standard 1312) oraz Practice Advisory 1312-1 zostanie przeprowadzony przegl\u0105d funkcji audytu wewn\u0119trznego<\/li><li>przegl\u0105d zostanie przeprowadzony na podstawie przegl\u0105du dokumentacji w szczeg\u00f3lno\u015bci:<\/li><li>programu zapewnienia i poprawy jako\u015bci<\/li><li>karty audytu wewn\u0119trznego<\/li><li>regulaminu wewn\u0119trznego kom\u00f3rki audytu wewn\u0119trznego<\/li><li>rocznych plan\u00f3w i sprawozda\u0144<\/li><li>analiz ryzyka<\/li><li>dokumentacji wybranych zada\u0144 zapewniaj\u0105cych i doradczych<\/li><li>przegl\u0105d zostanie te\u017c przeprowadzony na podstawie wywiad\u00f3w w szczeg\u00f3lno\u015bci z:<\/li><li>cz\u0142onkiem kierownictwa nadzoruj\u0105cego funkcj\u0119 audytu wewn\u0119trznego<\/li><li>zarz\u0105dzaj\u0105cym kom\u00f3rk\u0105 audytu wewn\u0119trznego<\/li><li>wybranymi klientami audytu wewn\u0119trznego<\/li><li>raport, w kt\u00f3rym w wyniku przegl\u0105du zostanie sformu\u0142owana ocena zgodno\u015bci funkcjonowania audytu wewn\u0119trznego z poszczeg\u00f3lnymi Standardami wed\u0142ug skali oceny przyj\u0119tej przez IIA (generalnie zgodny, cz\u0119\u015bciowo zgodny, niezgodny)<\/li><li>dodatkowo przegl\u0105d obejmie tak\u017ce ocen\u0119 zgodno\u015bci funkcjonowania kom\u00f3rki audytu wewn\u0119trznego z przepisami ustawy o finansach publicznych oraz wydanym do niej rozporz\u0105dzeniem metodologicznym<\/li><li>wyniki przegl\u0105du zostan\u0105 przedstawione w formie raportu wraz z rekomendacjami wynikaj\u0105cymi z przeprowadzonego przegl\u0105du<\/li><\/ul>\n\n\n\n<ul><li>Po audycie pomagamy r\u00f3wnie\u017c w opracowaniu brakuj\u0105cej dokumentacji<\/li><li>Przeprowadzamy dalsze obowi\u0105zkowe, coroczne <strong>audyty<\/strong> <strong>niezale\u017cnego potwierdzenia&nbsp;przeprowadzonej samooceny<\/strong><\/li><li>Ocena przeprowadzona b\u0119dzie na podstawie materia\u0142\u00f3w przes\u0142anych drog\u0105 elektroniczn\u0105 oraz bezpo\u015bredniej wizyty walidator\u00f3w w Jednostce<\/li><li>W trakcie walidacji wyniki samooceny zostan\u0105 zweryfikowane wg pr\u00f3by losowej kluczowych aspekt\u00f3w realizacji rozporz\u0105dzenia KRI oraz ankiet i wywiad\u00f3w z kierownictwem i audytorem ok.1-2 dni<\/li><li>Po zapoznaniu si\u0119 z dokumentacj\u0105 zesp\u00f3\u0142 walidator\u00f3w przygotowuje sprawozdanie (raport), w kt\u00f3rym odnosi si\u0119 do zawarto\u015bci raportu z samooceny, wskazuje potencjalne rozbie\u017cno\u015bci i propozycje programu poprawy jako\u015bci zale\u017cne od wynik\u00f3w oceny<\/li><li>Po audycie pomagamy r\u00f3wnie\u017c w opracowaniu brakuj\u0105cej dokumentacji<\/li><li>Przeprowadzamy dalsze obowi\u0105zkowe, coroczne audyty<\/li><\/ul>\n\n\n\n<p><strong>Zach\u0119camy do wype\u0142nienia zapytania o ofert\u0119: ZAPYTANIE O OFERT\u0118<\/strong><\/p>\n","protected":false},"excerpt":{"rendered":"<p>Cel oceny zewn\u0119trznej audytu wewn\u0119trznego Zgodnie ze Standardami IIA1312 &#8211; Oceny zewn\u0119trzne Oceny zewn\u0119trzne musz\u0105 by\u0107 przeprowadzane przynajmniej raz na pi\u0119\u0107 lat przez wykwalifikowan\u0105 osob\u0119 lub zesp\u00f3\u0142 spoza organizacji. Odpowiednio wykwalifikowana osoba lub zesp\u00f3\u0142 oceniaj\u0105cy sk\u0142ada si\u0119 z grupy ludzi kompetentnych. Audytorzy wchodz\u0105cy w sk\u0142ad zespo\u0142u oceniaj\u0105cego posiadaj\u0105: uprawnienia audytorskie \u2013 Certified Internal Auditor (CIA) oraz za\u015bwiadczenia Ministra Finans\u00f3w o z\u0142o\u017ceniu z wynikiem pozytywnym egzaminu na audytora wewn\u0119trznego, odby\u0142y szkolenie zako\u0144czone egzaminem w zakresie dokonywania ocen zewn\u0119trznych, realizowane przez Instytut Audytor\u00f3w Wewn\u0119trznych IIA (Internal Audit Quality Assessment), wieloletnie do\u015bwiadczenie w prowadzeniu audytu wewn\u0119trznego i zewn\u0119trznego oraz w zarz\u0105dzaniu kom\u00f3rk\u0105 audytu. &nbsp;&nbsp;&nbsp;&nbsp;&nbsp;&nbsp;&nbsp;&nbsp;&nbsp;&nbsp;&nbsp; Spos\u00f3b przeprowadzenia us\u0142ugi FINANSUS Sp. J. oferuje Pa\u0144stwu przeprowadzenie zewn\u0119trznej oceny audytu wewn\u0119trznego w postaci: PE\u0141NEJ OCENY ZEWN\u0118TRZNEJ zgodnie z wymaganiami Mi\u0119dzynarodowych Standard\u00f3w Praktyki Zawodowej Audytu Wewn\u0119trznego IIA (standard 1312) oraz Practice Advisory 1312-1 zostanie przeprowadzony przegl\u0105d funkcji audytu wewn\u0119trznego przegl\u0105d zostanie przeprowadzony na podstawie przegl\u0105du dokumentacji w szczeg\u00f3lno\u015bci:(&#8230;)<\/p>\n","protected":false},"author":1,"featured_media":0,"parent":15,"menu_order":2,"comment_status":"closed","ping_status":"closed","template":"","meta":[],"_links":{"self":[{"href":"http:\/\/www.finansus.pl\/finansus-dev\/wp-json\/wp\/v2\/pages\/21"}],"collection":[{"href":"http:\/\/www.finansus.pl\/finansus-dev\/wp-json\/wp\/v2\/pages"}],"about":[{"href":"http:\/\/www.finansus.pl\/finansus-dev\/wp-json\/wp\/v2\/types\/page"}],"author":[{"embeddable":true,"href":"http:\/\/www.finansus.pl\/finansus-dev\/wp-json\/wp\/v2\/users\/1"}],"replies":[{"embeddable":true,"href":"http:\/\/www.finansus.pl\/finansus-dev\/wp-json\/wp\/v2\/comments?post=21"}],"version-history":[{"count":2,"href":"http:\/\/www.finansus.pl\/finansus-dev\/wp-json\/wp\/v2\/pages\/21\/revisions"}],"predecessor-version":[{"id":294,"href":"http:\/\/www.finansus.pl\/finansus-dev\/wp-json\/wp\/v2\/pages\/21\/revisions\/294"}],"up":[{"embeddable":true,"href":"http:\/\/www.finansus.pl\/finansus-dev\/wp-json\/wp\/v2\/pages\/15"}],"wp:attachment":[{"href":"http:\/\/www.finansus.pl\/finansus-dev\/wp-json\/wp\/v2\/media?parent=21"}],"curies":[{"name":"wp","href":"https:\/\/api.w.org\/{rel}","templated":true}]}}