{"id":11,"date":"2020-03-22T11:45:58","date_gmt":"2020-03-22T10:45:58","guid":{"rendered":"http:\/\/www.finansus.pl\/finansus-dev\/?page_id=11"},"modified":"2020-05-20T12:25:32","modified_gmt":"2020-05-20T10:25:32","slug":"arkusze-kalkulacyjne","status":"publish","type":"page","link":"https:\/\/www.finansus.pl\/finansus-dev\/arkusze-kalkulacyjne\/","title":{"rendered":"Arkusze kalkulacyjne"},"content":{"rendered":"\n<div class=\"wp-container-4 wp-block-columns\">\n<div class=\"wp-container-1 wp-block-column\" style=\"flex-basis:66.66%\">\n<p style=\"font-size:19px\"><strong> <span style=\"color:#0c0c0c\" class=\"tadv-color\">Finansus Sp. J. oferuje standardowe oraz wykonywane na zam\u00f3wienie arkusze kalkulacyjne do wykorzystania w r\u00f3\u017cnych obszarach rachunkowo\u015bci.<\/span> <\/strong><\/p>\n\n\n\n<p>Arkusze kalkulacyjne, wykonywane na indywidualne zam\u00f3wienia klient\u00f3w, obejmuj\u0105 mi\u0119dzy innymi takie obszary jak:<\/p>\n<ul>\n<li>rezerwy na nagrody jubileuszowe,<\/li>\n<li>amortyzacja wed\u0142ug MSR\/MSSF,<\/li>\n<li>bud\u017cetowanie i analiza odchyle\u0144,\u00a0<\/li>\n<li>wielostoponiowy i wieloblokowy rachunek koszt\u00f3w,<\/li>\n<li>kalkulacja\u00a0koszt\u00f3w wyrob\u00f3w i us\u0142ug,<\/li>\n<li>analiza finansowa sprawozda\u0144 finansowych,\u00a0\u00a0<\/li>\n<\/ul>\n<p>Natomiast w standardowej ofercie firmy znajduje si\u0119 <strong>arkusz kalkulacyjny s\u0142u\u017c\u0105cy do ustalania warto\u015bci rezerw na odprawy emerytalne<\/strong>. Autorem arkusza jest <a href=\"https:\/\/www.finansus.pl\/finansus-dev\/wspolnicy\/dr-jacek-kalinowski\/\" rel=\"noopener noreferrer\">dr Jacek Kalinowski<\/a>. Model oblicze\u0144 zosta\u0142 ju\u017c <strong>wielokrotnie sprawdzony w praktyce i pozytywnie oceniony<\/strong> m.in. przez bieg\u0142ych rewident\u00f3w badaj\u0105cych sprawozdania finansowe, w kt\u00f3rych zastosowano w ten spos\u00f3b wyliczone warto\u015bci. Jego g\u0142\u00f3wne za\u0142o\u017cenia by\u0142y r\u00f3wnie\u017c publikowane w czasopismach ksi\u0119gowych oraz w prasie (np. <strong>Rzeczpospolita, Dobra Firma, 29.04.04 Nr 101<\/strong>).<\/p>\n<p>Dzi\u0119ki wykorzystaniu arkusza Excel, po okre\u015bleniu poszczeg\u00f3lnych etap\u00f3w oblicze\u0144, <strong>mo\u017cna go stosowa\u0107 dowoln\u0105 ilo\u015b\u0107 razy<\/strong> w kolejnych latach obrotowych.<\/p>\n<p>Ustalenie warto\u015bci rezerw na \u015bwiadczenia pracownicze za pomoc\u0105 arkusza staje si\u0119 <strong>bardzo \u0142atwym i b\u0142yskawicznym zadaniem<\/strong>. Wygl\u0105d arkusza kalkulacyjnego do obliczania rezerw na \u015bwiadczenia emerytalne dost\u0119pny jest <a title=\"Przyk\u0142adowe arkusze\" href=\"https:\/\/www.finansus.pl\/finansus-dev\/podglad-arkusza\/\" rel=\"noopener noreferrer\">tutaj<\/a>.<\/p>\n<p>W przypadku dodatkowych pyta\u0144 prosimy o kontakt &#8211; <a href=\"mailto:finansus@finansus.pl\">finansus@finansus.pl<\/a>.<\/p>\n<\/div>\n\n\n\n<div class=\"wp-container-3 wp-block-column\" style=\"flex-basis:33.33%\">\n<div class=\"wp-container-2 wp-block-group form-koszyk\"><div class=\"wp-block-group__inner-container\">\n<div class=\"wp-block-image\"><figure class=\"aligncenter\"><img loading=\"lazy\" width=\"140\" height=\"150\" src=\"https:\/\/www.finansus.pl\/finansus-dev\/wp-content\/uploads\/2020\/03\/ikona_zamow_arkusz-140x150.png\" alt=\"\" class=\"wp-image-86\"\/><\/figure><\/div>\n\n\n\n<p style=\"font-size:19px\" class=\"koszyk-nazwa\"><span style=\"color: #1160d1;\">Indywidualny arkusz kalkulacyjny<\/span><\/p>\n\n\n\n<div class=\"form-koszyk-przycisk\" style=\"text-align: center;\"><a href=\"https:\/\/www.finansus.pl\/finansus-dev\/arkusze-kalkulacyjne\/zamowienie-arkusza\/\">Zamawiam teraz<\/a><\/div>\n\n\n\n<p style=\"font-size:15px\" class=\"has-text-align-center form-podglad\"><a href=\"https:\/\/www.finansus.pl\/finansus-dev\/podglad-arkusza\/\">Podgl\u0105d arkusza<\/a><\/p>\n<\/div><\/div>\n<\/div>\n<\/div>\n\n\n\n<h4>&nbsp;<\/h4>\n<h4><strong>Czy rezerwy nale\u017cy oblicza\u0107?<\/strong><\/h4>\n<p>Tworzenie rezerw na \u015bwiadczenia pracownicze to obowi\u0105zek ka\u017cdego przedsi\u0119biorstwa. Z wyj\u0105tkiem od tej regu\u0142y mamy do czynienia jedynie, gdy warto\u015b\u0107 rezerwy jest nieistotna. Jednak aby to stwierdzi\u0107, nale\u017cy obliczy\u0107 wysoko\u015b\u0107 przysz\u0142ych zobowi\u0105za\u0144 i zamie\u015bci\u0107 te dane w informacji dodatkowej. Nie mo\u017cna bowiem wypowiada\u0107 si\u0119 o warto\u015bciach, kt\u00f3re nie s\u0105 znane.<\/p>\n<h4>&nbsp;<\/h4>\n<h4><strong>Jak to zrobi\u0107?<\/strong><\/h4>\n<p>Wycena i ewidencja koszt\u00f3w \u015bwiadcze\u0144 pracowniczych jest bardzo z\u0142o\u017cona i skomplikowana. W praktyce najwi\u0119cej problem\u00f3w tworzy wiarygodne oszacowanie wysoko\u015bci ewentualnej rezerwy, a tak\u017ce jej wp\u0142yw na wynik finansowy przedsi\u0119biorstwa. Dotyczy to zw\u0142aszcza rezerw z tytu\u0142u odpraw emerytalnych &#8211; najcz\u0119\u015bciej wyst\u0119puj\u0105cego sk\u0142adnika d\u0142ugoterminowych \u015bwiadcze\u0144 pracowniczych. Dlatego te\u017c czynno\u015bci te najlepiej powierzy\u0107 odpowiednim specjalistom &#8211; aktuariuszom. Wi\u0105\u017ce si\u0119 to jednak z wysokimi kosztami. Jednak je\u015bli przedsi\u0119biorca uzna, \u017ce jest to dla niego nieop\u0142acalne, nie powinien rezygnowa\u0107 z podj\u0119cia pr\u00f3by ustalenia warto\u015bci przysz\u0142ych zobowi\u0105za\u0144. Przeczy\u0142oby to bowiem fundamentalnym zasadom rachunkowo\u015bci i w konsekwencji mog\u0142oby prowadzi\u0107 do nierzetelnego przedstawienia sytuacji maj\u0105tkowej i finansowej oraz wyniku finansowego przedsi\u0119biorstwa. W takich sytuacjach pomocna mo\u017ce okaza\u0107 si\u0119 umiej\u0119tno\u015b\u0107 samodzielnego oszacowania wysoko\u015bci ewentualnej rezerwy przy pomocy arkusza kalkulacyjnego Excel, najbardziej popularnego w\u015br\u00f3d ksi\u0119gowych narz\u0119dzia informatycznego. W wielu przypadkach wycena koszt\u00f3w \u015bwiadcze\u0144 pracowniczych przeprowadzona w ten spos\u00f3b b\u0119dzie niewiele si\u0119 r\u00f3\u017cni\u0107 od profesjonalnej wyceny aktuariuszy.<\/p>\n<p>Wi\u0119cej o \u015bwiadczeniach pracowniczych i o wykorzystaniu do ich szacowania arkusza kalkulacyjnego Excel mog\u0105 pa\u0144stwo przeczyta\u0107 w artyku\u0142ach:<\/p>\n<table style=\"width: 100%; border-collapse: collapse;\">\n<tbody>\n<tr>\n<td style=\"width: 4.65517%;\"><img loading=\"lazy\" class=\"alignleft size-full wp-image-112\" src=\"https:\/\/www.finansus.pl\/finansus-dev\/wp-content\/uploads\/2020\/03\/ikona_plik.png\" alt=\"\" width=\"16\" height=\"20\"><\/td>\n<td style=\"width: 95.3448%;\"><span style=\"color: #000000;\"><a style=\"color: #000000;\" title=\"(178 KB)\" href=\"https:\/\/www.finansus.pl\/finansus-dev\/wp-content\/uploads\/2020\/04\/r_emerytalne.pdf\">&#8222;rezerwy emerytalne&#8221;<\/a><\/span><\/td>\n<\/tr>\n<tr>\n<td style=\"width: 4.65517%;\">&nbsp;<\/td>\n<td style=\"width: 95.3448%;\">\n<p>Tworzenie rezerw na \u015bwiadczenia pracownicze <br>&#8211; wymogi regulacji polskich na tle standard\u00f3w mi\u0119dzynarodowych i ich praktyka<\/p>\n<\/td>\n<\/tr>\n<tr>\n<td style=\"width: 4.65517%;\"><img loading=\"lazy\" class=\"alignleft size-full wp-image-112\" src=\"https:\/\/www.finansus.pl\/finansus-dev\/wp-content\/uploads\/2020\/03\/ikona_plik.png\" alt=\"\" width=\"16\" height=\"20\"><\/td>\n<td style=\"width: 95.3448%;\"><a title=\"(236 KB)\" href=\"https:\/\/www.finansus.pl\/finansus-dev\/wp-content\/uploads\/2020\/04\/r_jubileuszowe.pdf\"><span style=\"color: #000000;\">&#8222;rezerwy jubileuszowe&#8221;<\/span><\/a><\/td>\n<\/tr>\n<tr>\n<td style=\"width: 4.65517%;\">&nbsp;<\/td>\n<td style=\"width: 95.3448%;\">Wykorzystanie arkusza kalkulacyjnego Excel w rachunkowo\u015bci \u015bwiadcze\u0144 pracowniczych <br>&#8211; analiza przypadku.<\/td>\n<\/tr>\n<\/tbody>\n<\/table>\n<p>&nbsp;<\/p>\n<p><br><br><\/p>\n","protected":false},"excerpt":{"rendered":"<p>Finansus Sp. J. oferuje standardowe oraz wykonywane na zam\u00f3wienie arkusze kalkulacyjne do wykorzystania w r\u00f3\u017cnych obszarach rachunkowo\u015bci. Arkusze kalkulacyjne, wykonywane na indywidualne zam\u00f3wienia klient\u00f3w, obejmuj\u0105 mi\u0119dzy innymi takie obszary jak: rezerwy na nagrody jubileuszowe, amortyzacja wed\u0142ug MSR\/MSSF, bud\u017cetowanie i analiza odchyle\u0144,\u00a0 wielostoponiowy i wieloblokowy rachunek koszt\u00f3w, kalkulacja\u00a0koszt\u00f3w wyrob\u00f3w i us\u0142ug, analiza finansowa sprawozda\u0144 finansowych,\u00a0\u00a0 Natomiast w standardowej ofercie firmy znajduje si\u0119 arkusz kalkulacyjny s\u0142u\u017c\u0105cy do ustalania warto\u015bci rezerw na odprawy emerytalne. Autorem arkusza jest dr Jacek Kalinowski. Model oblicze\u0144 zosta\u0142 ju\u017c wielokrotnie sprawdzony w praktyce i pozytywnie oceniony m.in. przez bieg\u0142ych rewident\u00f3w badaj\u0105cych sprawozdania finansowe, w kt\u00f3rych zastosowano w ten spos\u00f3b wyliczone warto\u015bci. Jego g\u0142\u00f3wne za\u0142o\u017cenia by\u0142y r\u00f3wnie\u017c publikowane w czasopismach ksi\u0119gowych oraz w prasie (np. Rzeczpospolita, Dobra Firma, 29.04.04 Nr 101). Dzi\u0119ki wykorzystaniu arkusza Excel, po okre\u015bleniu poszczeg\u00f3lnych etap\u00f3w oblicze\u0144, mo\u017cna go stosowa\u0107 dowoln\u0105 ilo\u015b\u0107 razy w kolejnych latach obrotowych. Ustalenie warto\u015bci rezerw na \u015bwiadczenia pracownicze za pomoc\u0105 arkusza(&#8230;)<\/p>\n","protected":false},"author":1,"featured_media":0,"parent":0,"menu_order":0,"comment_status":"closed","ping_status":"closed","template":"","meta":[],"_links":{"self":[{"href":"https:\/\/www.finansus.pl\/finansus-dev\/wp-json\/wp\/v2\/pages\/11"}],"collection":[{"href":"https:\/\/www.finansus.pl\/finansus-dev\/wp-json\/wp\/v2\/pages"}],"about":[{"href":"https:\/\/www.finansus.pl\/finansus-dev\/wp-json\/wp\/v2\/types\/page"}],"author":[{"embeddable":true,"href":"https:\/\/www.finansus.pl\/finansus-dev\/wp-json\/wp\/v2\/users\/1"}],"replies":[{"embeddable":true,"href":"https:\/\/www.finansus.pl\/finansus-dev\/wp-json\/wp\/v2\/comments?post=11"}],"version-history":[{"count":40,"href":"https:\/\/www.finansus.pl\/finansus-dev\/wp-json\/wp\/v2\/pages\/11\/revisions"}],"predecessor-version":[{"id":296,"href":"https:\/\/www.finansus.pl\/finansus-dev\/wp-json\/wp\/v2\/pages\/11\/revisions\/296"}],"wp:attachment":[{"href":"https:\/\/www.finansus.pl\/finansus-dev\/wp-json\/wp\/v2\/media?parent=11"}],"curies":[{"name":"wp","href":"https:\/\/api.w.org\/{rel}","templated":true}]}}