{"id":15,"date":"2020-03-22T11:46:33","date_gmt":"2020-03-22T10:46:33","guid":{"rendered":"http:\/\/www.finansus.pl\/finansus-dev\/?page_id=15"},"modified":"2020-04-06T11:22:52","modified_gmt":"2020-04-06T09:22:52","slug":"audyt","status":"publish","type":"page","link":"https:\/\/www.finansus.pl\/finansus-dev\/audyt\/","title":{"rendered":"Audyt"},"content":{"rendered":"\n<p>Lista dost\u0119pnych audyt\u00f3w:<\/p>\n<ul>\n<li id=\"menu-item-27\" class=\"menu-item menu-item-type-post_type menu-item-object-page menu-item-27\"><a href=\"https:\/\/www.finansus.pl\/finansus-dev\/audyt\/audyt-wlascicielski\/\">Audyt w\u0142a\u015bcicielski<\/a><\/li>\n<li id=\"menu-item-29\" class=\"menu-item menu-item-type-post_type menu-item-object-page menu-item-29\"><a href=\"https:\/\/www.finansus.pl\/finansus-dev\/audyt\/audyt-bezpieczenstwa-ksi\/\">Audyt bezpiecze\u0144stwa KRI<\/a><\/li>\n<li id=\"menu-item-28\" class=\"menu-item menu-item-type-post_type menu-item-object-page menu-item-28\"><a href=\"https:\/\/www.finansus.pl\/finansus-dev\/audyt\/oceny-zewnetrzne-audytu-wewnetrznego\/\">Oceny zewn\u0119trzne audytu wewn\u0119trznego<\/a><\/li>\n<li id=\"menu-item-194\" class=\"menu-item menu-item-type-post_type menu-item-object-page menu-item-194\"><a href=\"https:\/\/www.finansus.pl\/finansus-dev\/audyt\/audyt-zlecony\/\">Audyt zlecony<\/a><\/li>\n<\/ul>\n","protected":false},"excerpt":{"rendered":"<p>Lista dost\u0119pnych audyt\u00f3w: Audyt w\u0142a\u015bcicielski Audyt bezpiecze\u0144stwa KRI Oceny zewn\u0119trzne audytu wewn\u0119trznego Audyt zlecony<\/p>\n","protected":false},"author":1,"featured_media":0,"parent":0,"menu_order":0,"comment_status":"closed","ping_status":"closed","template":"","meta":[],"_links":{"self":[{"href":"https:\/\/www.finansus.pl\/finansus-dev\/wp-json\/wp\/v2\/pages\/15"}],"collection":[{"href":"https:\/\/www.finansus.pl\/finansus-dev\/wp-json\/wp\/v2\/pages"}],"about":[{"href":"https:\/\/www.finansus.pl\/finansus-dev\/wp-json\/wp\/v2\/types\/page"}],"author":[{"embeddable":true,"href":"https:\/\/www.finansus.pl\/finansus-dev\/wp-json\/wp\/v2\/users\/1"}],"replies":[{"embeddable":true,"href":"https:\/\/www.finansus.pl\/finansus-dev\/wp-json\/wp\/v2\/comments?post=15"}],"version-history":[{"count":7,"href":"https:\/\/www.finansus.pl\/finansus-dev\/wp-json\/wp\/v2\/pages\/15\/revisions"}],"predecessor-version":[{"id":211,"href":"https:\/\/www.finansus.pl\/finansus-dev\/wp-json\/wp\/v2\/pages\/15\/revisions\/211"}],"wp:attachment":[{"href":"https:\/\/www.finansus.pl\/finansus-dev\/wp-json\/wp\/v2\/media?parent=15"}],"curies":[{"name":"wp","href":"https:\/\/api.w.org\/{rel}","templated":true}]}}