{"id":153,"date":"2020-04-03T08:38:23","date_gmt":"2020-04-03T06:38:23","guid":{"rendered":"http:\/\/www.finansus.pl\/finansus-dev\/?page_id=153"},"modified":"2020-07-13T16:41:24","modified_gmt":"2020-07-13T14:41:24","slug":"audyt-zlecony","status":"publish","type":"page","link":"https:\/\/www.finansus.pl\/finansus-dev\/audyt\/audyt-zlecony\/","title":{"rendered":"Audyt zlecony"},"content":{"rendered":"\n<p>Spe\u0142niamy warunki okre\u015blone w&nbsp;ustawie z dnia 27 sierpnia 2009r. o finansach publicznych &nbsp;aby prowadzi\u0107 audyt \u201eus\u0142ugodawcy\u201d. Zgodnie z art. 275 audyt wewn\u0119trzny w jednostkach zobowi\u0105zanych mo\u017ce prowadzi\u0107 us\u0142ugodawca niezatrudniony w jednostce.<\/p>\n\n\n\n<p>Obowi\u0105zek prowadzenia audytu wynika z art. 274. Ustawy o finansach publicznych i  na tej podstawie audyt wewn\u0119trzny prowadzi si\u0119&nbsp;w:<\/p>\n\n\n\n<ol><li>Kancelarii Prezesa Rady Ministr\u00f3w;<\/li><li>ministerstwach;<\/li><li>urz\u0119dach wojew\u00f3dzkich;<\/li><li>izbach celnych;<\/li><li>izbach skarbowych;<\/li><li>Zak\u0142adzie Ubezpiecze\u0144&nbsp;Spo\u0142ecznych, w tym w zarz\u0105dzanych przez niego funduszach;<\/li><li>Kasie Rolniczego Ubezpieczenia Spo\u0142ecznego,&nbsp;w tym&nbsp;w funduszach zarz\u0105dzanych przez Prezesa;<\/li><li>Narodowym Funduszu Zdrowia,<\/li><li>pa\u0144stwowych jednostkach bud\u017cetowych, je\u017celi kwota uj\u0119tych w planie finansowym jednostki bud\u017cetowej dochod\u00f3w lub kwota wydatk\u00f3w przekroczy\u0142a wysoko\u015b\u0107&nbsp;40.000 tys. z\u0142;<\/li><li>uczelniach publicznych, je\u017celi kwota uj\u0119tych w planie rzeczowo-finansowym przychod\u00f3w lub koszt\u00f3w przekroczy\u0142a warto\u015b\u0107&nbsp;40.000 tys. z\u0142;<\/li><li>samodzielnych publicznych zak\u0142adach opieki zdrowotnej, kt\u00f3re nie zosta\u0142y utworzone przez jednostki samorz\u0105du terytorialnego, je\u017celi kwota uj\u0119tych w planie finansowym przychod\u00f3w lub koszt\u00f3w przekroczy\u0142a warto\u015b\u0107&nbsp;40.000 tys. z\u0142;<\/li><li>pa\u0144stwowych funduszach celowych, je\u017celi kwota uj\u0119tych w planie finansowym przychod\u00f3w lub koszt\u00f3w przekroczy\u0142a warto\u015b\u0107&nbsp;40.000 tys. z\u0142.<\/li><li>w jednostkach samorz\u0105du terytorialnego, je\u017celi uj\u0119ta w uchwale bud\u017cetowej jednostki samorz\u0105du terytorialnego kwota dochod\u00f3w i przychod\u00f3w lub kwota wydatk\u00f3w przekroczy\u0142a warto\u015b\u0107&nbsp;40.000 tys. z\u0142.<\/li><li>w jednostkach sektora finans\u00f3w publicznych, kt\u00f3rych kierownicy podejm\u0105&nbsp;decyzj\u0119&nbsp;o prowadzeniu audytu wewn\u0119trznego.<\/li><\/ol>\n\n\n\n<p>W sektorze prywatnym nadzorujmy lub bierzemy udzia\u0142 w tworzeniu Dzia\u0142\u00f3w Audytu, kt\u00f3rych praca ma na celu ograniczanie ryzyka strat finansowych i potencjalnych nadu\u017cy\u0107. Plany audytu opracowujemy w oparciu o analiz\u0119 ryzyka, z uwzgl\u0119dnieniem priorytet\u00f3w kierownictwa jednostki.<\/p>\n","protected":false},"excerpt":{"rendered":"<p>Spe\u0142niamy warunki okre\u015blone w&nbsp;ustawie z dnia 27 sierpnia 2009r. o finansach publicznych &nbsp;aby prowadzi\u0107 audyt \u201eus\u0142ugodawcy\u201d. Zgodnie z art. 275 audyt wewn\u0119trzny w jednostkach zobowi\u0105zanych mo\u017ce prowadzi\u0107 us\u0142ugodawca niezatrudniony w jednostce. Obowi\u0105zek prowadzenia audytu wynika z art. 274. Ustawy o finansach publicznych i na tej podstawie audyt wewn\u0119trzny prowadzi si\u0119&nbsp;w: Kancelarii Prezesa Rady Ministr\u00f3w; ministerstwach; urz\u0119dach wojew\u00f3dzkich; izbach celnych; izbach skarbowych; Zak\u0142adzie Ubezpiecze\u0144&nbsp;Spo\u0142ecznych, w tym w zarz\u0105dzanych przez niego funduszach; Kasie Rolniczego Ubezpieczenia Spo\u0142ecznego,&nbsp;w tym&nbsp;w funduszach zarz\u0105dzanych przez Prezesa; Narodowym Funduszu Zdrowia, pa\u0144stwowych jednostkach bud\u017cetowych, je\u017celi kwota uj\u0119tych w planie finansowym jednostki bud\u017cetowej dochod\u00f3w lub kwota wydatk\u00f3w przekroczy\u0142a wysoko\u015b\u0107&nbsp;40.000 tys. z\u0142; uczelniach publicznych, je\u017celi kwota uj\u0119tych w planie rzeczowo-finansowym przychod\u00f3w lub koszt\u00f3w przekroczy\u0142a warto\u015b\u0107&nbsp;40.000 tys. z\u0142; samodzielnych publicznych zak\u0142adach opieki zdrowotnej, kt\u00f3re nie zosta\u0142y utworzone przez jednostki samorz\u0105du terytorialnego, je\u017celi kwota uj\u0119tych w planie finansowym przychod\u00f3w lub koszt\u00f3w przekroczy\u0142a warto\u015b\u0107&nbsp;40.000 tys. z\u0142; pa\u0144stwowych funduszach celowych, je\u017celi kwota uj\u0119tych w planie(&#8230;)<\/p>\n","protected":false},"author":1,"featured_media":0,"parent":15,"menu_order":0,"comment_status":"closed","ping_status":"closed","template":"","meta":[],"_links":{"self":[{"href":"https:\/\/www.finansus.pl\/finansus-dev\/wp-json\/wp\/v2\/pages\/153"}],"collection":[{"href":"https:\/\/www.finansus.pl\/finansus-dev\/wp-json\/wp\/v2\/pages"}],"about":[{"href":"https:\/\/www.finansus.pl\/finansus-dev\/wp-json\/wp\/v2\/types\/page"}],"author":[{"embeddable":true,"href":"https:\/\/www.finansus.pl\/finansus-dev\/wp-json\/wp\/v2\/users\/1"}],"replies":[{"embeddable":true,"href":"https:\/\/www.finansus.pl\/finansus-dev\/wp-json\/wp\/v2\/comments?post=153"}],"version-history":[{"count":6,"href":"https:\/\/www.finansus.pl\/finansus-dev\/wp-json\/wp\/v2\/pages\/153\/revisions"}],"predecessor-version":[{"id":316,"href":"https:\/\/www.finansus.pl\/finansus-dev\/wp-json\/wp\/v2\/pages\/153\/revisions\/316"}],"up":[{"embeddable":true,"href":"https:\/\/www.finansus.pl\/finansus-dev\/wp-json\/wp\/v2\/pages\/15"}],"wp:attachment":[{"href":"https:\/\/www.finansus.pl\/finansus-dev\/wp-json\/wp\/v2\/media?parent=153"}],"curies":[{"name":"wp","href":"https:\/\/api.w.org\/{rel}","templated":true}]}}