{"id":155,"date":"2020-04-03T08:40:18","date_gmt":"2020-04-03T06:40:18","guid":{"rendered":"http:\/\/www.finansus.pl\/finansus-dev\/?page_id=155"},"modified":"2020-05-20T12:27:20","modified_gmt":"2020-05-20T10:27:20","slug":"prowadzenie-ksiag-rachunkowych","status":"publish","type":"page","link":"https:\/\/www.finansus.pl\/finansus-dev\/doradztwo-finansowe\/prowadzenie-ksiag-rachunkowych\/","title":{"rendered":"Prowadzenie ksi\u0105g rachunkowych"},"content":{"rendered":"\n<p><strong>Specjalizujemy si\u0119 w rozliczaniu firm budowlanych, deweloperskich oraz prywatnych praktyk lekarskich.<\/strong><\/p>\n\n\n\n<p><em>Ksi\u0119gujemy i przedstawiamy naszym Klientom dane w spos\u00f3b u\u0142atwiaj\u0105cy podejmowanie kluczowych dla firmy decyzji<\/em><\/p>\n\n\n\n<p>\u00b7 &nbsp;&nbsp;&nbsp;&nbsp;&nbsp;&nbsp; udost\u0119pniamy modu\u0142 programu ksi\u0119gowego do wystawiania faktur sprzeda\u017cy<\/p>\n\n\n\n<p>\u00b7 &nbsp;&nbsp;&nbsp;&nbsp;&nbsp;&nbsp; udost\u0119pniamy modu\u0142 programu ksi\u0119gowego do prowadzenia magazynu<\/p>\n\n\n\n<p>\u00b7 &nbsp;&nbsp;&nbsp;&nbsp;&nbsp;&nbsp; umo\u017cliwiamy dostarczanie dokument\u00f3w elektronicznie, to idealne rozwi\u0105zanie dla os\u00f3b, kt\u00f3re cz\u0119sto podr\u00f3\u017cuj\u0105 i nie maj\u0105 mo\u017cliwo\u015bci, aby fizycznie dostarczy\u0107 dokumenty<\/p>\n\n\n\n<ul><li>wszystkie dokumenty s\u0105 przez nas zdigitalizowane, co u\u0142atwia ich sortowanie<\/li><\/ul>\n\n\n\n<p><strong>Korzystaj\u0105c ze specjalistycznego oprogramowania jeste\u015bmy w stanie sporz\u0105dzi\u0107 raporty okresowe <\/strong>(analizy koszt\u00f3w i przychod\u00f3w, wska\u017aniki finansowe z komentarzem, obliczenie progu rentowno\u015bci dla ca\u0142ej firmy, jak i poszczeg\u00f3lnych rodzaj\u00f3w jej dzia\u0142alno\u015bci), kt\u00f3re pomagaj\u0105 podj\u0105\u0107 odpowiednie, trafione decyzje w zarz\u0105dzaniu firm\u0105.<\/p>\n\n\n\n<p><strong>W ramach \u015bwiadczonych us\u0142ug<\/strong> wykonujemy nast\u0119puj\u0105ce zadania:<\/p>\n\n\n\n<ul><li>opracowanie zak\u0142adowego planu kont;<\/li><li>wprowadzenie dokument\u00f3w ksi\u0119gowych do ewidencji ksi\u0119gowej zgodnie z przyj\u0119t\u0105 polityk\u0105 rachunkowo\u015bci;<\/li><li>sporz\u0105dzanie dziennik\u00f3w ksi\u0119gowych, b\u0119d\u0105cych odzwierciedleniem operacji gospodarczych;<\/li><li>sporz\u0105dzanie rejestr\u00f3w VAT;<\/li><li>sporz\u0105dzanie rejestr\u00f3w dla potrzeb podatku od towar\u00f3w i us\u0142ug;<\/li><li>tworzenie ewidencji analitycznej maj\u0105tku trwa\u0142ego<\/li><li>tworzenie ewidencji analitycznej rozrachunk\u00f3w<\/li><li>przygotowywanie zestawie\u0144 obrot\u00f3w i sald<\/li><\/ul>\n\n\n\n<p><strong>Przygotowujemy i wysy\u0142amy nakazane przez obowi\u0105zuj\u0105ce prawo deklaracje, formularze oraz inne dokumenty informacyjno &#8211; sprawozdawcze<\/strong>, kt\u00f3rych sporz\u0105dzenie jest mo\u017cliwe w oparciu o informacje wynikaj\u0105ce z prowadzonej przez ewidencji ksi\u0119gowej, np.:<\/p>\n\n\n\n<ul><li>informacje o zaliczce miesi\u0119cznej na podatek dochodowy od os\u00f3b prawnych<\/li><li>informacje o zaliczce miesi\u0119cznej na podatek dochodowy z tytu\u0142u prowadzonej dzia\u0142alno\u015bci gospodarczej przez osoby fizyczne<\/li><li>deklaracje podatku od towar\u00f3w i us\u0142ug VAT-7<\/li><li>informacje podsumowuj\u0105ce VAT-UE<\/li><li>sporz\u0105dzanie deklaracji GUS<\/li><li>wyliczanie op\u0142at za zanieczyszczanie \u015brodowiska<\/li><li>wyliczanie op\u0142at produktowych<\/li><\/ul>\n\n\n\n<p><strong>Na podstawie uzgodnie\u0144 z Klientem<\/strong> przygotowujemy dokumenty informacyjno &#8211; sprawozdawczych dla cel\u00f3w zarz\u0105dczych:<\/p>\n\n\n\n<ul><li>bilans i rachunek zysk\u00f3w i strat<\/li><li>raporty zarz\u0105dcze zgodnie z indywidualn\u0105 specyfikacj\u0105 Klienta<\/li><li>zestawienia do analizy finansowej, charakteryzuj\u0105cych efektywno\u015b\u0107 danego kryterium podzia\u0142u przychod\u00f3w i koszt\u00f3w (np. oddzia\u0142y, zak\u0142ady, przedstawiciele)<\/li><li>bud\u017cetowanie przychod\u00f3w i koszt\u00f3w oraz pozycji bilansowych<\/li><li>raportowanie realizacji bud\u017cetu<\/li><\/ul>\n\n\n\n<p><strong>Na koniec ka\u017cdego roku obrachunkowego<\/strong> przeprowadzamy czynno\u015bci niezb\u0119dne do zamkni\u0119cia ksi\u0105g rachunkowych oraz przygotowujemy sprawozdania i inne dokumenty informacyjno &#8211; sprawozdawcze zgodnie z obowi\u0105zuj\u0105cym prawem, w\u015br\u00f3d kt\u00f3rych mo\u017cna wymieni\u0107:<\/p>\n\n\n\n<ul><li>sprawozdanie finansowe obejmuj\u0105ce bilans, rachunek zysk\u00f3w i strat, zestawienie zmian w kapitale w\u0142asnym, sprawozdanie z przep\u0142yw\u00f3w \u015brodk\u00f3w pieni\u0119\u017cnych, informacja dodatkowa<\/li><li>roczna deklaracja podatku dochodowego od os\u00f3b prawnych CIT-8<\/li><li>sprawozdania dla GUS<\/li><li>inwentaryzacja w drodze weryfikacji sald kont rozrachunkowych oraz weryfikacji stan\u00f3w kont wynikowych<\/li><li>rozliczenie wynik\u00f3w inwentaryzacji sk\u0142adnik\u00f3w aktyw\u00f3w<\/li><li>sporz\u0105dzanie innych wymaganych prawem raport\u00f3w rocznych oraz okre\u015blonych przez naszego Klienta.<\/li><\/ul>\n\n\n\n<p><strong>Podejmuj\u0105c wsp\u00f3\u0142prac\u0119 z nami Klient mo\u017ce udzieli\u0107 nam pe\u0142nomocnictwa<\/strong> do reprezentowania przed Urz\u0119dem Skarbowym, Zak\u0142adem Ubezpiecze\u0144 Spo\u0142ecznych, G\u0142\u00f3wnym Urz\u0119dem Statystycznym oraz wszelkimi instytucjami, do kt\u00f3rych istnieje obowi\u0105zek sprawozdawczy, kt\u00f3ry realizujemy w imieniu Klienta. W przypadku urz\u0119dowych kontroli w pe\u0142ni reprezentujemy interesy naszego Klienta za\u0142atwiaj\u0105c wszystkie sprawy z organami kontroluj\u0105cymi.<\/p>\n\n\n\n<p><strong>PROWADZENIE MA\u0141EJ KSI\u0118GOWO\u015aCI<\/strong><\/p>\n\n\n\n<p><br>Ma\u0142ym podmiotom proponujemy us\u0142ugi obejmuj\u0105ce:<\/p>\n\n\n\n<ul><li>prowadzenie ksi\u0119gi przychod\u00f3w i rozchod\u00f3w<\/li><li>prowadzenie rycza\u0142tu ewidencjonowanego<\/li><li>prowadzenie karty podatkowej<\/li><li>prowadzenie ewidencji i rozliczenia podatku od towar\u00f3w i us\u0142ug<\/li><li>prowadzenie ewidencji \u015brodk\u00f3w trwa\u0142ych oraz ewidencji wyposa\u017cenia<\/li><\/ul>\n\n\n\n<p>W zakresie prowadzenia <strong>ksi\u0105g podatkowych<\/strong> mo\u017cemy w szczeg\u00f3lno\u015bci wymieni\u0107:<\/p>\n\n\n\n<ul><li>prowadzenie oraz przechowywanie dokumentacji i ewidencji podatkowych,<\/li><li>nadz\u00f3r nad terminami, limitami oraz czynnikami maj\u0105cymi wp\u0142yw na uzyskanie lub utrat\u0119 prawa do okre\u015blonej formy opodatkowania,<\/li><li>prowadzenie ewidencji \u015brodk\u00f3w trwa\u0142ych i ewidencji wyposa\u017cenia,<\/li><li>obliczanie zaliczek na podatek dochodowy oraz kontrol\u0119 poprawno\u015bci ich wp\u0142at,<\/li><li>sporz\u0105dzanie rocznych deklaracji podatkowych PIT-16A, PIT-28,<\/li><li>przygotowywanie przelew\u00f3w na zobowi\u0105zania podatkowe.<\/li><\/ul>\n\n\n\n<p>W zakresie prowadzenia <strong>rozlicze\u0144 podatku od towar\u00f3w i us\u0142ug<\/strong> \u015bwiadczymy pe\u0142ne us\u0142ugi obejmuj\u0105ce mi\u0119dzy innymi:<\/p>\n\n\n\n<ul><li>prowadzenie oraz przechowywanie rejestr\u00f3w zakupu i rejestr\u00f3w sprzeda\u017cy<\/li><li>bie\u017c\u0105ca weryfikacja poprawno\u015bci wystawianych i otrzymywanych faktur VAT<\/li><li>sporz\u0105dzanie deklaracji VAT-7 oraz informacji podsumowuj\u0105cych VAT-UE<\/li><li>przygotowywanie przelew\u00f3w na podatek VAT<\/li><li>zg\u0142aszanie, aktualizacj\u0119 oraz wyrejestrowywanie podmiotu jako czynnego podatnika podatku VAT oraz VAT-UE<\/li><\/ul>\n\n\n\n<p><strong>Obs\u0142ugujemy r\u00f3wnie\u017c wszystkie obowi\u0105zuj\u0105ce rozliczenia<\/strong> przedsi\u0119biorstw z Zak\u0142adem Ubezpiecze\u0144 Spo\u0142ecznych, z kt\u00f3rych przyk\u0142adowo mo\u017cemy wymieni\u0107:<\/p>\n\n\n\n<ul><li>zg\u0142aszanie, aktualizacje oraz wyrejestrowywanie z ZUS<\/li><li>sporz\u0105dzanie deklaracji ZUS<\/li><li>przygotowywanie przelew\u00f3w do ZUS<\/li><\/ul>\n\n\n\n<p><strong>Przejmujemy r\u00f3wnie\u017c na siebie obowi\u0105zek prawid\u0142owego rozliczania pracownik\u00f3w<\/strong> oraz prowadzenie wymaganych przez prawo dokument\u00f3w i ewidencji zwi\u0105zanych z zatrudnieniem pracownik\u00f3w, to jest:<\/p>\n\n\n\n<ul><li>prowadzenie spraw kadrowych pracownik\u00f3w<\/li><li>prowadzenie spraw p\u0142acowych pracownik\u00f3w<\/li><li>rozliczanie podr\u00f3\u017cy s\u0142u\u017cbowych krajowych oraz zagranicznych<\/li><li>naliczanie listy p\u0142ac<\/li><\/ul>\n\n\n\n<p><strong>W zakresie swych us\u0142ug oferujemy pe\u0142n\u0105 obs\u0142ug\u0119<\/strong> pozosta\u0142ych obszar\u00f3w zwi\u0105zanych z prowadzeniem ma\u0142ego przedsi\u0119biorstwa, obejmuj\u0105cych w szczeg\u00f3lno\u015bci:<\/p>\n\n\n\n<ul><li>wskazywanie na szereg problem\u00f3w i zagro\u017ce\u0144 maj\u0105cych wp\u0142yw na prawid\u0142owe ujmowanie zdarze\u0144 gospodarczych<\/li><li>wyb\u00f3r formy opodatkowania<\/li><li>doradztwo podatkowe w zakresie prowadzonej dzia\u0142alno\u015bci gospodarczej<\/li><li>bie\u017c\u0105cy nadz\u00f3r g\u0142\u00f3wnego ksi\u0119gowego nad prowadzon\u0105 dzia\u0142alno\u015bci\u0105 gospodarcz\u0105<\/li><li>sporz\u0105dzanie sprawozda\u0144 GUS<\/li><li>wyliczanie op\u0142at za zanieczyszczanie \u015brodowiska<\/li><li>wyliczanie op\u0142at produktowych<\/li><li>wype\u0142nianie&nbsp;deklaracji podatkowych<\/li><li>sporz\u0105dzanie rocznych zezna\u0144 podatkowych<\/li><li>wyb\u00f3r korzystnych rodzaj\u00f3w opodatkowania<\/li><li>kontakty z urz\u0119dem skarbowym<\/li><li>organizacj\u0119 procedury rozpocz\u0119cia dzia\u0142alno\u015bci<\/li><\/ul>\n","protected":false},"excerpt":{"rendered":"<p>Specjalizujemy si\u0119 w rozliczaniu firm budowlanych, deweloperskich oraz prywatnych praktyk lekarskich. Ksi\u0119gujemy i przedstawiamy naszym Klientom dane w spos\u00f3b u\u0142atwiaj\u0105cy podejmowanie kluczowych dla firmy decyzji \u00b7 &nbsp;&nbsp;&nbsp;&nbsp;&nbsp;&nbsp; udost\u0119pniamy modu\u0142 programu ksi\u0119gowego do wystawiania faktur sprzeda\u017cy \u00b7 &nbsp;&nbsp;&nbsp;&nbsp;&nbsp;&nbsp; udost\u0119pniamy modu\u0142 programu ksi\u0119gowego do prowadzenia magazynu \u00b7 &nbsp;&nbsp;&nbsp;&nbsp;&nbsp;&nbsp; umo\u017cliwiamy dostarczanie dokument\u00f3w elektronicznie, to idealne rozwi\u0105zanie dla os\u00f3b, kt\u00f3re cz\u0119sto podr\u00f3\u017cuj\u0105 i nie maj\u0105 mo\u017cliwo\u015bci, aby fizycznie dostarczy\u0107 dokumenty wszystkie dokumenty s\u0105 przez nas zdigitalizowane, co u\u0142atwia ich sortowanie Korzystaj\u0105c ze specjalistycznego oprogramowania jeste\u015bmy w stanie sporz\u0105dzi\u0107 raporty okresowe (analizy koszt\u00f3w i przychod\u00f3w, wska\u017aniki finansowe z komentarzem, obliczenie progu rentowno\u015bci dla ca\u0142ej firmy, jak i poszczeg\u00f3lnych rodzaj\u00f3w jej dzia\u0142alno\u015bci), kt\u00f3re pomagaj\u0105 podj\u0105\u0107 odpowiednie, trafione decyzje w zarz\u0105dzaniu firm\u0105. W ramach \u015bwiadczonych us\u0142ug wykonujemy nast\u0119puj\u0105ce zadania: opracowanie zak\u0142adowego planu kont; wprowadzenie dokument\u00f3w ksi\u0119gowych do ewidencji ksi\u0119gowej zgodnie z przyj\u0119t\u0105 polityk\u0105 rachunkowo\u015bci; sporz\u0105dzanie dziennik\u00f3w ksi\u0119gowych, b\u0119d\u0105cych odzwierciedleniem operacji gospodarczych; sporz\u0105dzanie rejestr\u00f3w VAT; sporz\u0105dzanie rejestr\u00f3w dla(&#8230;)<\/p>\n","protected":false},"author":1,"featured_media":0,"parent":13,"menu_order":0,"comment_status":"closed","ping_status":"closed","template":"","meta":[],"_links":{"self":[{"href":"https:\/\/www.finansus.pl\/finansus-dev\/wp-json\/wp\/v2\/pages\/155"}],"collection":[{"href":"https:\/\/www.finansus.pl\/finansus-dev\/wp-json\/wp\/v2\/pages"}],"about":[{"href":"https:\/\/www.finansus.pl\/finansus-dev\/wp-json\/wp\/v2\/types\/page"}],"author":[{"embeddable":true,"href":"https:\/\/www.finansus.pl\/finansus-dev\/wp-json\/wp\/v2\/users\/1"}],"replies":[{"embeddable":true,"href":"https:\/\/www.finansus.pl\/finansus-dev\/wp-json\/wp\/v2\/comments?post=155"}],"version-history":[{"count":3,"href":"https:\/\/www.finansus.pl\/finansus-dev\/wp-json\/wp\/v2\/pages\/155\/revisions"}],"predecessor-version":[{"id":313,"href":"https:\/\/www.finansus.pl\/finansus-dev\/wp-json\/wp\/v2\/pages\/155\/revisions\/313"}],"up":[{"embeddable":true,"href":"https:\/\/www.finansus.pl\/finansus-dev\/wp-json\/wp\/v2\/pages\/13"}],"wp:attachment":[{"href":"https:\/\/www.finansus.pl\/finansus-dev\/wp-json\/wp\/v2\/media?parent=155"}],"curies":[{"name":"wp","href":"https:\/\/api.w.org\/{rel}","templated":true}]}}