{"id":157,"date":"2020-04-03T08:40:38","date_gmt":"2020-04-03T06:40:38","guid":{"rendered":"http:\/\/www.finansus.pl\/finansus-dev\/?page_id=157"},"modified":"2020-05-20T12:27:56","modified_gmt":"2020-05-20T10:27:56","slug":"przeksztalcenia-i-rejestracja","status":"publish","type":"page","link":"https:\/\/www.finansus.pl\/finansus-dev\/doradztwo-finansowe\/przeksztalcenia-i-rejestracja\/","title":{"rendered":"Przekszta\u0142cenia i rejestracja"},"content":{"rendered":"\n<p>W ramach wyboru korzystnych rodzaj\u00f3w opodatkowania oferujemy:<\/p>\n\n\n\n<ul><li>przekszta\u0142cenie osoby fizycznej w sp\u00f3\u0142k\u0119 w sp\u00f3\u0142k\u0119 prawa handlowego<\/li><li>przekszta\u0142cenie sp\u00f3\u0142ki cywilnej w sp\u00f3\u0142k\u0119 prawa handlowego<\/li><li>wzajemne przekszta\u0142cenia sp\u00f3\u0142ek prawa handlowego<\/li><li>\u0142\u0105czenia sp\u00f3\u0142ek<\/li><li>wydzielenie zorganizowanej cz\u0119\u015bci przedsi\u0119biorstwa<\/li><li>przej\u0119cia i fuzje<\/li><\/ul>\n\n\n\n<p><strong>Dla nowo powstaj\u0105cych podmiot\u00f3w oferujemy ich rejestracj\u0119:<\/strong><\/p>\n\n\n\n<ul><li>doradztwo dla nowych firm w zakresie formy prawnej i najbardziej optymalnej formy opodatkowania prowadzenia dzia\u0142alno\u015bci gospodarczej<\/li><li>rejestracja podmiot\u00f3w gospodarczych we w\u0142a\u015bciwych organach<\/li><\/ul>\n\n\n\n<p><\/p>\n","protected":false},"excerpt":{"rendered":"<p>W ramach wyboru korzystnych rodzaj\u00f3w opodatkowania oferujemy: przekszta\u0142cenie osoby fizycznej w sp\u00f3\u0142k\u0119 w sp\u00f3\u0142k\u0119 prawa handlowego przekszta\u0142cenie sp\u00f3\u0142ki cywilnej w sp\u00f3\u0142k\u0119 prawa handlowego wzajemne przekszta\u0142cenia sp\u00f3\u0142ek prawa handlowego \u0142\u0105czenia sp\u00f3\u0142ek wydzielenie zorganizowanej cz\u0119\u015bci przedsi\u0119biorstwa przej\u0119cia i fuzje Dla nowo powstaj\u0105cych podmiot\u00f3w oferujemy ich rejestracj\u0119: doradztwo dla nowych firm w zakresie formy prawnej i najbardziej optymalnej formy opodatkowania prowadzenia dzia\u0142alno\u015bci gospodarczej rejestracja podmiot\u00f3w gospodarczych we w\u0142a\u015bciwych organach<\/p>\n","protected":false},"author":1,"featured_media":0,"parent":13,"menu_order":0,"comment_status":"closed","ping_status":"closed","template":"","meta":[],"_links":{"self":[{"href":"https:\/\/www.finansus.pl\/finansus-dev\/wp-json\/wp\/v2\/pages\/157"}],"collection":[{"href":"https:\/\/www.finansus.pl\/finansus-dev\/wp-json\/wp\/v2\/pages"}],"about":[{"href":"https:\/\/www.finansus.pl\/finansus-dev\/wp-json\/wp\/v2\/types\/page"}],"author":[{"embeddable":true,"href":"https:\/\/www.finansus.pl\/finansus-dev\/wp-json\/wp\/v2\/users\/1"}],"replies":[{"embeddable":true,"href":"https:\/\/www.finansus.pl\/finansus-dev\/wp-json\/wp\/v2\/comments?post=157"}],"version-history":[{"count":2,"href":"https:\/\/www.finansus.pl\/finansus-dev\/wp-json\/wp\/v2\/pages\/157\/revisions"}],"predecessor-version":[{"id":298,"href":"https:\/\/www.finansus.pl\/finansus-dev\/wp-json\/wp\/v2\/pages\/157\/revisions\/298"}],"up":[{"embeddable":true,"href":"https:\/\/www.finansus.pl\/finansus-dev\/wp-json\/wp\/v2\/pages\/13"}],"wp:attachment":[{"href":"https:\/\/www.finansus.pl\/finansus-dev\/wp-json\/wp\/v2\/media?parent=157"}],"curies":[{"name":"wp","href":"https:\/\/api.w.org\/{rel}","templated":true}]}}