{"id":159,"date":"2020-04-03T08:40:53","date_gmt":"2020-04-03T06:40:53","guid":{"rendered":"http:\/\/www.finansus.pl\/finansus-dev\/?page_id=159"},"modified":"2020-05-20T12:28:41","modified_gmt":"2020-05-20T10:28:41","slug":"wycena-przedsiebiorstw","status":"publish","type":"page","link":"https:\/\/www.finansus.pl\/finansus-dev\/doradztwo-finansowe\/wycena-przedsiebiorstw\/","title":{"rendered":"Wycena przedsi\u0119biorstw"},"content":{"rendered":"\n<p><strong>Przeprowadzamy wyceny przedsi\u0119biorstwa\/sp\u00f3\u0142ki lub jego zorganizowanej cz\u0119\u015bci, udzia\u0142\u00f3w lub akcji a tak\u017ce poszczeg\u00f3lnych sk\u0142adnik\u00f3w takich jak aktywa trwa\u0142e czy warto\u015bci niematerialne i prawne takie jak znak towarowy czy portfel klient\u00f3w<\/strong>.<br>Zakres wyceny dostosowany jest do celu, w jakim jest ona sporz\u0105dzona. Przeprowadzamy wyceny dla potrzeb:<\/p>\n\n\n\n<ul><li>transakcji kupna\/sprzeda\u017cy \u2013 zmiana w\u0142a\u015bciciela<\/li><li>przekszta\u0142ce\u0144 i reorganizacji dzia\u0142alno\u015bci<\/li><li>fuzji i przej\u0119\u0107<\/li><li>spor\u00f3w gospodarczych<\/li><li>wymog\u00f3w prawa bilansowego<\/li><li>cel\u00f3w podatkowych<\/li><\/ul>\n\n\n\n<p><strong>W zale\u017cno\u015bci od potrzeb Klienta<\/strong> oraz celu wyceny, stosowane metody wyceny to:<\/p>\n\n\n\n<ul><li>dochodowa (DCF)<\/li><li>maj\u0105tkowa<\/li><li>aktyw\u00f3w netto (AN)<\/li><li>skorygowanych aktyw\u00f3w netto (SAN), tak\u017ce we wsp\u00f3\u0142pracy z rzeczoznawcami maj\u0105tkowymi<\/li><li>por\u00f3wnawcza \u2013 mno\u017cnik\u00f3w rynkowych<\/li><li>rynkowa<\/li><\/ul>\n\n\n\n<p><strong>Klienci otrzymuj\u0105 raport<\/strong> zawieraj\u0105cy wyniki przeprowadzonej wyceny wraz z rekomendacj\u0105. Do sporz\u0105dzenia wyceny niezb\u0119dne s\u0105 informacje o planach firmy w perspektywie kolejnych 5 lat oraz inne dane umo\u017cliwiaj\u0105ce dokonanie symulacji wp\u0142yw\u00f3w i wydatk\u00f3w.<\/p>\n","protected":false},"excerpt":{"rendered":"<p>Przeprowadzamy wyceny przedsi\u0119biorstwa\/sp\u00f3\u0142ki lub jego zorganizowanej cz\u0119\u015bci, udzia\u0142\u00f3w lub akcji a tak\u017ce poszczeg\u00f3lnych sk\u0142adnik\u00f3w takich jak aktywa trwa\u0142e czy warto\u015bci niematerialne i prawne takie jak znak towarowy czy portfel klient\u00f3w.Zakres wyceny dostosowany jest do celu, w jakim jest ona sporz\u0105dzona. Przeprowadzamy wyceny dla potrzeb: transakcji kupna\/sprzeda\u017cy \u2013 zmiana w\u0142a\u015bciciela przekszta\u0142ce\u0144 i reorganizacji dzia\u0142alno\u015bci fuzji i przej\u0119\u0107 spor\u00f3w gospodarczych wymog\u00f3w prawa bilansowego cel\u00f3w podatkowych W zale\u017cno\u015bci od potrzeb Klienta oraz celu wyceny, stosowane metody wyceny to: dochodowa (DCF) maj\u0105tkowa aktyw\u00f3w netto (AN) skorygowanych aktyw\u00f3w netto (SAN), tak\u017ce we wsp\u00f3\u0142pracy z rzeczoznawcami maj\u0105tkowymi por\u00f3wnawcza \u2013 mno\u017cnik\u00f3w rynkowych rynkowa Klienci otrzymuj\u0105 raport zawieraj\u0105cy wyniki przeprowadzonej wyceny wraz z rekomendacj\u0105. Do sporz\u0105dzenia wyceny niezb\u0119dne s\u0105 informacje o planach firmy w perspektywie kolejnych 5 lat oraz inne dane umo\u017cliwiaj\u0105ce dokonanie symulacji wp\u0142yw\u00f3w i wydatk\u00f3w.<\/p>\n","protected":false},"author":1,"featured_media":0,"parent":13,"menu_order":0,"comment_status":"closed","ping_status":"closed","template":"","meta":[],"_links":{"self":[{"href":"https:\/\/www.finansus.pl\/finansus-dev\/wp-json\/wp\/v2\/pages\/159"}],"collection":[{"href":"https:\/\/www.finansus.pl\/finansus-dev\/wp-json\/wp\/v2\/pages"}],"about":[{"href":"https:\/\/www.finansus.pl\/finansus-dev\/wp-json\/wp\/v2\/types\/page"}],"author":[{"embeddable":true,"href":"https:\/\/www.finansus.pl\/finansus-dev\/wp-json\/wp\/v2\/users\/1"}],"replies":[{"embeddable":true,"href":"https:\/\/www.finansus.pl\/finansus-dev\/wp-json\/wp\/v2\/comments?post=159"}],"version-history":[{"count":2,"href":"https:\/\/www.finansus.pl\/finansus-dev\/wp-json\/wp\/v2\/pages\/159\/revisions"}],"predecessor-version":[{"id":299,"href":"https:\/\/www.finansus.pl\/finansus-dev\/wp-json\/wp\/v2\/pages\/159\/revisions\/299"}],"up":[{"embeddable":true,"href":"https:\/\/www.finansus.pl\/finansus-dev\/wp-json\/wp\/v2\/pages\/13"}],"wp:attachment":[{"href":"https:\/\/www.finansus.pl\/finansus-dev\/wp-json\/wp\/v2\/media?parent=159"}],"curies":[{"name":"wp","href":"https:\/\/api.w.org\/{rel}","templated":true}]}}