{"id":167,"date":"2020-04-03T08:42:18","date_gmt":"2020-04-03T06:42:18","guid":{"rendered":"http:\/\/www.finansus.pl\/finansus-dev\/?page_id=167"},"modified":"2020-07-13T16:45:02","modified_gmt":"2020-07-13T14:45:02","slug":"opinie-sadowe","status":"publish","type":"page","link":"https:\/\/www.finansus.pl\/finansus-dev\/doradztwo-finansowe\/opinie-sadowe\/","title":{"rendered":"Opinie s\u0105dowe"},"content":{"rendered":"\n<p>Oferujemy us\u0142ugi sporz\u0105dzania profesjonalnych ekspertyz, opinii s\u0105dowych zleconych przez odpowiednie podmioty i prywatnych (pozas\u0105dowych) z zakresu finans\u00f3w i rachunkowo\u015bci.<\/p>\n\n\n\n<p>Specjalizujemy si\u0119 w nast\u0119puj\u0105cych dziedzinach: <\/p>\n\n\n\n<ul><li>Rachunkowo\u015b\u0107 <\/li><li>Finanse<\/li><li> Audyt, obejmuj\u0105cych mi\u0119dzy innymi: prowadzenie ksi\u0105g rachunkowych i podatkowych, sprawozdawczo\u015b\u0107 wed\u0142ug ustawy o rachunkowo\u015bci, mi\u0119dzynarodowych standard\u00f3w rachunkowo\u015bci i sprawozdawczo\u015bci finansowej <\/li><li>rachunkowe aspekty prawa handlowego<\/li><li>rachunkowo\u015b\u0107 i sprawozdawczo\u015b\u0107 organizacji pozarz\u0105dowych<\/li><li>ocen\u0119 ekonomicznej skuteczno\u015bci plan\u00f3w upad\u0142o\u015bciowych i naprawczych<\/li><li>analiz\u0119 momentu powstania obowi\u0105zku z\u0142o\u017cenia wniosku o og\u0142oszenie upad\u0142o\u015bci <\/li><li>przest\u0119pstwa gospodarcze<\/li><li>analiz\u0119 dzia\u0142ania na szkod\u0119 sp\u00f3\u0142ek  <\/li><\/ul>\n","protected":false},"excerpt":{"rendered":"<p>Oferujemy us\u0142ugi sporz\u0105dzania profesjonalnych ekspertyz, opinii s\u0105dowych zleconych przez odpowiednie podmioty i prywatnych (pozas\u0105dowych) z zakresu finans\u00f3w i rachunkowo\u015bci. Specjalizujemy si\u0119 w nast\u0119puj\u0105cych dziedzinach: Rachunkowo\u015b\u0107 Finanse Audyt, obejmuj\u0105cych mi\u0119dzy innymi: prowadzenie ksi\u0105g rachunkowych i podatkowych, sprawozdawczo\u015b\u0107 wed\u0142ug ustawy o rachunkowo\u015bci, mi\u0119dzynarodowych standard\u00f3w rachunkowo\u015bci i sprawozdawczo\u015bci finansowej rachunkowe aspekty prawa handlowego rachunkowo\u015b\u0107 i sprawozdawczo\u015b\u0107 organizacji pozarz\u0105dowych ocen\u0119 ekonomicznej skuteczno\u015bci plan\u00f3w upad\u0142o\u015bciowych i naprawczych analiz\u0119 momentu powstania obowi\u0105zku z\u0142o\u017cenia wniosku o og\u0142oszenie upad\u0142o\u015bci przest\u0119pstwa gospodarcze analiz\u0119 dzia\u0142ania na szkod\u0119 sp\u00f3\u0142ek<\/p>\n","protected":false},"author":1,"featured_media":0,"parent":13,"menu_order":0,"comment_status":"closed","ping_status":"closed","template":"","meta":[],"_links":{"self":[{"href":"https:\/\/www.finansus.pl\/finansus-dev\/wp-json\/wp\/v2\/pages\/167"}],"collection":[{"href":"https:\/\/www.finansus.pl\/finansus-dev\/wp-json\/wp\/v2\/pages"}],"about":[{"href":"https:\/\/www.finansus.pl\/finansus-dev\/wp-json\/wp\/v2\/types\/page"}],"author":[{"embeddable":true,"href":"https:\/\/www.finansus.pl\/finansus-dev\/wp-json\/wp\/v2\/users\/1"}],"replies":[{"embeddable":true,"href":"https:\/\/www.finansus.pl\/finansus-dev\/wp-json\/wp\/v2\/comments?post=167"}],"version-history":[{"count":2,"href":"https:\/\/www.finansus.pl\/finansus-dev\/wp-json\/wp\/v2\/pages\/167\/revisions"}],"predecessor-version":[{"id":317,"href":"https:\/\/www.finansus.pl\/finansus-dev\/wp-json\/wp\/v2\/pages\/167\/revisions\/317"}],"up":[{"embeddable":true,"href":"https:\/\/www.finansus.pl\/finansus-dev\/wp-json\/wp\/v2\/pages\/13"}],"wp:attachment":[{"href":"https:\/\/www.finansus.pl\/finansus-dev\/wp-json\/wp\/v2\/media?parent=167"}],"curies":[{"name":"wp","href":"https:\/\/api.w.org\/{rel}","templated":true}]}}