{"id":174,"date":"2020-04-03T08:46:04","date_gmt":"2020-04-03T06:46:04","guid":{"rendered":"http:\/\/www.finansus.pl\/finansus-dev\/?page_id=174"},"modified":"2020-09-17T19:08:39","modified_gmt":"2020-09-17T17:08:39","slug":"szkolenia","status":"publish","type":"page","link":"https:\/\/www.finansus.pl\/finansus-dev\/szkolenia\/","title":{"rendered":"Szkolenia"},"content":{"rendered":"\n<p>Prowadzimy szkolenia otwarte oraz zamkni\u0119te za zakresu zarz\u0105dzania, finans\u00f3w, audytu, rachunkowo\u015bci finansowej oraz rachunkowo\u015bci zarz\u0105dczej i controllingu. <\/p>\n\n\n\n<p>W szczeg\u00f3lno\u015bci specjalizujemy si\u0119 w szkoleniach dla nast\u0119puj\u0105cych bran\u017c:<\/p>\n\n\n\n<ul><li>szkoleniach dla bran\u017cy budowlanej,<\/li><li>szkolenia dla bran\u017cy deweloperskiej,<\/li><li>szkolenia dla bran\u017cy medycznej,<\/li><li>szkolenia dla szkolnictwa wy\u017cszego,<\/li><li>szkolenia dla przedsi\u0119biorstw produkcyjnych,<\/li><li>szkolenia dla stowarzysze\u0144 i fundacji.<\/li><\/ul>\n","protected":false},"excerpt":{"rendered":"<p>Prowadzimy szkolenia otwarte oraz zamkni\u0119te za zakresu zarz\u0105dzania, finans\u00f3w, audytu, rachunkowo\u015bci finansowej oraz rachunkowo\u015bci zarz\u0105dczej i controllingu. W szczeg\u00f3lno\u015bci specjalizujemy si\u0119 w szkoleniach dla nast\u0119puj\u0105cych bran\u017c: szkoleniach dla bran\u017cy budowlanej, szkolenia dla bran\u017cy deweloperskiej, szkolenia dla bran\u017cy medycznej, szkolenia dla szkolnictwa wy\u017cszego, szkolenia dla przedsi\u0119biorstw produkcyjnych, szkolenia dla stowarzysze\u0144 i fundacji.<\/p>\n","protected":false},"author":1,"featured_media":0,"parent":0,"menu_order":0,"comment_status":"closed","ping_status":"closed","template":"","meta":[],"_links":{"self":[{"href":"https:\/\/www.finansus.pl\/finansus-dev\/wp-json\/wp\/v2\/pages\/174"}],"collection":[{"href":"https:\/\/www.finansus.pl\/finansus-dev\/wp-json\/wp\/v2\/pages"}],"about":[{"href":"https:\/\/www.finansus.pl\/finansus-dev\/wp-json\/wp\/v2\/types\/page"}],"author":[{"embeddable":true,"href":"https:\/\/www.finansus.pl\/finansus-dev\/wp-json\/wp\/v2\/users\/1"}],"replies":[{"embeddable":true,"href":"https:\/\/www.finansus.pl\/finansus-dev\/wp-json\/wp\/v2\/comments?post=174"}],"version-history":[{"count":3,"href":"https:\/\/www.finansus.pl\/finansus-dev\/wp-json\/wp\/v2\/pages\/174\/revisions"}],"predecessor-version":[{"id":336,"href":"https:\/\/www.finansus.pl\/finansus-dev\/wp-json\/wp\/v2\/pages\/174\/revisions\/336"}],"wp:attachment":[{"href":"https:\/\/www.finansus.pl\/finansus-dev\/wp-json\/wp\/v2\/media?parent=174"}],"curies":[{"name":"wp","href":"https:\/\/api.w.org\/{rel}","templated":true}]}}