{"id":23,"date":"2020-03-22T11:48:31","date_gmt":"2020-03-22T10:48:31","guid":{"rendered":"http:\/\/www.finansus.pl\/finansus-dev\/?page_id=23"},"modified":"2020-05-20T15:40:45","modified_gmt":"2020-05-20T13:40:45","slug":"audyt-wlascicielski","status":"publish","type":"page","link":"https:\/\/www.finansus.pl\/finansus-dev\/audyt\/audyt-wlascicielski\/","title":{"rendered":"Audyt w\u0142a\u015bcicielski"},"content":{"rendered":"\n<p class=\"has-text-align-center\"><strong>Oferujemy Pa\u0144stwu przeprowadzenie niezale\u017cnego audytu w\u0142a\u015bcicielskiego zar\u00f3wno sp\u00f3\u0142ek prawa handlowego jak i jednostek publicznych.<\/strong><\/p>\n\n\n\n<figure class=\"wp-block-table is-style-stripes\"><table class=\"table table-bordered table-hover\"><tbody><tr><td><strong>Cel audytu w\u0142a\u015bcicielskiego<\/strong><\/td><\/tr><\/tbody><\/table><\/figure>\n\n\n\n<ul><li>okre\u015blenie czy w jednostce wyst\u0105pi\u0142y nieprawid\u0142owo\u015bci z zakresu prawa bilansowego, podatkowego i finans\u00f3w publicznych<\/li><li>ustalenie obszar\u00f3w ryzyka wyst\u0105pienia nieprawid\u0142owo\u015bci<\/li><li>identyfikacja zdarze\u0144, kt\u00f3re spowodowa\u0142y lub przyczyni\u0142y si\u0119 do wyst\u0105pienia nieprawid\u0142owo\u015bci<\/li><li>wykonanie tzw. audytu pocz\u0105tkowego na zlecenie osoby, kt\u00f3ra obj\u0119\u0142a zarz\u0105dzanie w nowej jednostce i chcecie pozna\u0107 jednostk\u0119<\/li><li>ustalenie czy mia\u0142y miejsce podejrzewane nieprawid\u0142owo\u015bci<\/li><li>okre\u015blenie wysoko\u015bci poniesionych strat oraz szans na ich odzyskanie<\/li><li>przedstawienie rekomendacji dotycz\u0105cych mo\u017cliwo\u015bci zapobiegania wyst\u0105pieniu podobnych zdarze\u0144 w przysz\u0142o\u015bci<\/li><\/ul>\n\n\n\n<p class=\"has-text-align-center\"><strong>Ko\u0144cowym efektem prac z zakresu audytu w\u0142a\u015bcicielskiego jest szczeg\u00f3\u0142owy raport<\/strong> mog\u0105cy stanowi\u0107 podstaw\u0119 do podj\u0119cia dalszych dzia\u0142a\u0144, w szczeg\u00f3lno\u015bci podj\u0119cia krok\u00f3w prawnych<\/p>\n\n\n\n<p><\/p>\n\n\n\n<figure class=\"wp-block-table is-style-stripes\"><table class=\"table table-bordered table-hover\"><tbody><tr><td><strong>Dla kogo jest audyt w\u0142a\u015bcicielski?<\/strong><\/td><\/tr><\/tbody><\/table><\/figure>\n\n\n\n<ul><li>dla os\u00f3b podejrzewaj\u0105cych nieprawid\u0142owo\u015bci w swoich firmach<\/li><li>dla nowo nominowanych os\u00f3b zarz\u0105dzaj\u0105cych sp\u00f3\u0142kami, jednostkami samorz\u0105du terytorialnego<\/li><li>dla w\u0142a\u015bcicieli chc\u0105cych \u201espa\u0107\u201d spokojnie&nbsp;&nbsp;<\/li><\/ul>\n\n\n\n<div class=\"wp-container-2 wp-block-group\"><div class=\"wp-block-group__inner-container\">\n<div class=\"wp-container-1 wp-block-group alignfull\"><div class=\"wp-block-group__inner-container\">\n<pre class=\"wp-block-preformatted\"><strong>Spos\u00f3b przeprowadzenia us\u0142ugi<\/strong> <\/pre>\n<\/div><\/div>\n<\/div><\/div>\n\n\n\n<ul><li>ustalenie z osobami zamawiaj\u0105cymi celu us\u0142ugi<\/li><li>przedstawienie oferty przez Finansus sp. j. <\/li><li>wizyta kontrolna w jednostce zamawiaj\u0105cej i pobranie dokumentacji \u017ar\u00f3d\u0142owej<\/li><li>audyt w jednostce zamawiaj\u0105cej lub zdalna analiza dokumentacji \u017ar\u00f3d\u0142owej<\/li><li>przedstawienie raportu wst\u0119pnego osobom odpowiedzialnym i wyja\u015bnienie uwag i rekomendacji<\/li><li>przedstawienie raportu ko\u0144cowego osobom zamawiaj\u0105cym<\/li><\/ul>\n\n\n\n<p class=\"has-text-align-center has-large-font-size\"><strong>W warunkach pandemii jeste\u015bmy w stanie przeprowadzi\u0107 audyt w\u0142a\u015bcicielski tak\u017ce ca\u0142kowicie zdalnie<\/strong><\/p>\n\n\n\n<p class=\"has-text-align-center\">Zapewniamy ca\u0142kowit\u0105 dyskrecj\u0119 podczas prowadzenia prac, jak r\u00f3wnie\u017c po ich zako\u0144czeniu<\/p>\n\n\n\n<p><strong>Zach\u0119camy do wype\u0142nienia zapytania o ofert\u0119: ZAPYTANIE O OFERT\u0118<\/strong><\/p>\n\n\n\n<hr class=\"wp-block-separator\"\/>\n\n\n\n<p><\/p>\n","protected":false},"excerpt":{"rendered":"<p>Oferujemy Pa\u0144stwu przeprowadzenie niezale\u017cnego audytu w\u0142a\u015bcicielskiego zar\u00f3wno sp\u00f3\u0142ek prawa handlowego jak i jednostek publicznych. Cel audytu w\u0142a\u015bcicielskiego okre\u015blenie czy w jednostce wyst\u0105pi\u0142y nieprawid\u0142owo\u015bci z zakresu prawa bilansowego, podatkowego i finans\u00f3w publicznych ustalenie obszar\u00f3w ryzyka wyst\u0105pienia nieprawid\u0142owo\u015bci identyfikacja zdarze\u0144, kt\u00f3re spowodowa\u0142y lub przyczyni\u0142y si\u0119 do wyst\u0105pienia nieprawid\u0142owo\u015bci wykonanie tzw. audytu pocz\u0105tkowego na zlecenie osoby, kt\u00f3ra obj\u0119\u0142a zarz\u0105dzanie w nowej jednostce i chcecie pozna\u0107 jednostk\u0119 ustalenie czy mia\u0142y miejsce podejrzewane nieprawid\u0142owo\u015bci okre\u015blenie wysoko\u015bci poniesionych strat oraz szans na ich odzyskanie przedstawienie rekomendacji dotycz\u0105cych mo\u017cliwo\u015bci zapobiegania wyst\u0105pieniu podobnych zdarze\u0144 w przysz\u0142o\u015bci Ko\u0144cowym efektem prac z zakresu audytu w\u0142a\u015bcicielskiego jest szczeg\u00f3\u0142owy raport mog\u0105cy stanowi\u0107 podstaw\u0119 do podj\u0119cia dalszych dzia\u0142a\u0144, w szczeg\u00f3lno\u015bci podj\u0119cia krok\u00f3w prawnych Dla kogo jest audyt w\u0142a\u015bcicielski? dla os\u00f3b podejrzewaj\u0105cych nieprawid\u0142owo\u015bci w swoich firmach dla nowo nominowanych os\u00f3b zarz\u0105dzaj\u0105cych sp\u00f3\u0142kami, jednostkami samorz\u0105du terytorialnego dla w\u0142a\u015bcicieli chc\u0105cych \u201espa\u0107\u201d spokojnie&nbsp;&nbsp; Spos\u00f3b przeprowadzenia us\u0142ugi ustalenie z osobami zamawiaj\u0105cymi celu us\u0142ugi przedstawienie oferty przez Finansus sp.(&#8230;)<\/p>\n","protected":false},"author":1,"featured_media":0,"parent":15,"menu_order":3,"comment_status":"closed","ping_status":"closed","template":"","meta":[],"_links":{"self":[{"href":"https:\/\/www.finansus.pl\/finansus-dev\/wp-json\/wp\/v2\/pages\/23"}],"collection":[{"href":"https:\/\/www.finansus.pl\/finansus-dev\/wp-json\/wp\/v2\/pages"}],"about":[{"href":"https:\/\/www.finansus.pl\/finansus-dev\/wp-json\/wp\/v2\/types\/page"}],"author":[{"embeddable":true,"href":"https:\/\/www.finansus.pl\/finansus-dev\/wp-json\/wp\/v2\/users\/1"}],"replies":[{"embeddable":true,"href":"https:\/\/www.finansus.pl\/finansus-dev\/wp-json\/wp\/v2\/comments?post=23"}],"version-history":[{"count":8,"href":"https:\/\/www.finansus.pl\/finansus-dev\/wp-json\/wp\/v2\/pages\/23\/revisions"}],"predecessor-version":[{"id":306,"href":"https:\/\/www.finansus.pl\/finansus-dev\/wp-json\/wp\/v2\/pages\/23\/revisions\/306"}],"up":[{"embeddable":true,"href":"https:\/\/www.finansus.pl\/finansus-dev\/wp-json\/wp\/v2\/pages\/15"}],"wp:attachment":[{"href":"https:\/\/www.finansus.pl\/finansus-dev\/wp-json\/wp\/v2\/media?parent=23"}],"curies":[{"name":"wp","href":"https:\/\/api.w.org\/{rel}","templated":true}]}}