{"id":37,"date":"2020-03-28T12:30:33","date_gmt":"2020-03-28T11:30:33","guid":{"rendered":"http:\/\/www.finansus.pl\/finansus-dev\/?page_id=37"},"modified":"2020-03-28T13:52:29","modified_gmt":"2020-03-28T12:52:29","slug":"monika-kalinowska","status":"publish","type":"page","link":"https:\/\/www.finansus.pl\/finansus-dev\/wspolnicy\/monika-kalinowska\/","title":{"rendered":"Monika Kalinowska"},"content":{"rendered":"\n<p style=\"color:#000000;font-size:18px\" class=\"has-text-color\"><strong>Monika Kalinowska<\/strong><\/p>\n\n\n\n<p>Posiada nast\u0119puj\u0105ce uprawnienia zawodowe:<\/p>\n\n\n\n<ul><li>Licencjonowany mi\u0119dzynarodowy audytor wewn\u0119trzny Certified Internal Auditor (CIA 156172)<\/li><li>Uprawnienia Ministerstwa Finans\u00f3w&nbsp;(nr wpisu 1549\/2005)<\/li><li>Auditor wewn\u0119trzny systemu zarz\u0105dzania jako\u015bci\u0105 wg PN-EN ISO 9001:2009<\/li><li>Auditor wewn\u0119trzny systemu zarz\u0105dzania bezpiecze\u0144stwem informacji wg ISO 27001:2005<\/li><li>Uprawnienia do dokonywania ocen zewn\u0119trznych wydawane przez Instytut Audytor\u00f3w Wewn\u0119trznych IIA (Internal Audit Quality Assessment)<\/li><\/ul>\n\n\n\n<p>Jest cz\u0142onkiem The Institute of Internal Auditors.<\/p>\n\n\n\n<p>Absolwentka Wydzia\u0142u Ekonomiczno \u2013 Socjologicznego Uniwersytetu \u0141\u00f3dzkiego&nbsp;kierunku Finanse i Bankowo\u015b\u0107 specjalizacja Strategie Podatkowe. Absolwentka Podyplomowego Studium Rachunkowo\u015bci i Zarz\u0105dzania Finansowego na Uniwersytecie \u0141\u00f3dzkim oraz Podyplomowego Studium Prawa Podatkowego.<\/p>\n\n\n\n<p>Autorka opracowa\u0144 z zakresu rachunkowo\u015bci finansowej i audytu wewn\u0119trznego, w tym r\u00f3wnie\u017c audytu funduszy unijnych, dla polskich przedsi\u0119biorstw. Konsultant i doradca finansowy w zakresie prawno \u2013 bilansowym. Konsultant w zakresie wdra\u017cania kontroli zarz\u0105dczej w jednostkach sektora finans\u00f3w publicznych. Wieloletnia asystentka bieg\u0142ych rewident\u00f3w ds. badania sprawozda\u0144 finansowych min. w K.R. Audyt Biuro Bieg\u0142ych Rewident\u00f3w w Warszawie oraz Agencji Us\u0142ug Rachunkowych i Doradztwa PROFIN sp. z o.o. w \u0141odzi.<\/p>\n\n\n\n<p>Audytor wewn\u0119trzny w wielu jednostkach sektora finans\u00f3w publicznych min. w Wojskowym Biurze Emerytalnym w \u0141odzi, w Biurze do spraw Substancji Chemicznych w \u0141odzi oraz w Instytucie Medycyny Pracy im. prof. dra Jerzego Nofera w \u0141odzi.<\/p>\n\n\n\n<p>Trener i wyk\u0142adowca z dziedziny audytu oraz&nbsp;systemu p\u0142ac&nbsp;w wielu firmach szkoleniowych na terenie ca\u0142ego kraju, jak r\u00f3wnie\u017c wyk\u0142adowca &#8211; praktyk na studiach podyplomowych prowadzonych przez Wydzia\u0142 Zarz\u0105dzania Uniwersytetu \u0141\u00f3dzkiego.<\/p>\n","protected":false},"excerpt":{"rendered":"<p>Monika Kalinowska Posiada nast\u0119puj\u0105ce uprawnienia zawodowe: Licencjonowany mi\u0119dzynarodowy audytor wewn\u0119trzny Certified Internal Auditor (CIA 156172) Uprawnienia Ministerstwa Finans\u00f3w&nbsp;(nr wpisu 1549\/2005) Auditor wewn\u0119trzny systemu zarz\u0105dzania jako\u015bci\u0105 wg PN-EN ISO 9001:2009 Auditor wewn\u0119trzny systemu zarz\u0105dzania bezpiecze\u0144stwem informacji wg ISO 27001:2005 Uprawnienia do dokonywania ocen zewn\u0119trznych wydawane przez Instytut Audytor\u00f3w Wewn\u0119trznych IIA (Internal Audit Quality Assessment) Jest cz\u0142onkiem The Institute of Internal Auditors. Absolwentka Wydzia\u0142u Ekonomiczno \u2013 Socjologicznego Uniwersytetu \u0141\u00f3dzkiego&nbsp;kierunku Finanse i Bankowo\u015b\u0107 specjalizacja Strategie Podatkowe. Absolwentka Podyplomowego Studium Rachunkowo\u015bci i Zarz\u0105dzania Finansowego na Uniwersytecie \u0141\u00f3dzkim oraz Podyplomowego Studium Prawa Podatkowego. Autorka opracowa\u0144 z zakresu rachunkowo\u015bci finansowej i audytu wewn\u0119trznego, w tym r\u00f3wnie\u017c audytu funduszy unijnych, dla polskich przedsi\u0119biorstw. Konsultant i doradca finansowy w zakresie prawno \u2013 bilansowym. Konsultant w zakresie wdra\u017cania kontroli zarz\u0105dczej w jednostkach sektora finans\u00f3w publicznych. Wieloletnia asystentka bieg\u0142ych rewident\u00f3w ds. badania sprawozda\u0144 finansowych min. w K.R. Audyt Biuro Bieg\u0142ych Rewident\u00f3w w Warszawie oraz Agencji Us\u0142ug Rachunkowych i Doradztwa PROFIN(&#8230;)<\/p>\n","protected":false},"author":1,"featured_media":41,"parent":9,"menu_order":0,"comment_status":"closed","ping_status":"closed","template":"","meta":[],"_links":{"self":[{"href":"https:\/\/www.finansus.pl\/finansus-dev\/wp-json\/wp\/v2\/pages\/37"}],"collection":[{"href":"https:\/\/www.finansus.pl\/finansus-dev\/wp-json\/wp\/v2\/pages"}],"about":[{"href":"https:\/\/www.finansus.pl\/finansus-dev\/wp-json\/wp\/v2\/types\/page"}],"author":[{"embeddable":true,"href":"https:\/\/www.finansus.pl\/finansus-dev\/wp-json\/wp\/v2\/users\/1"}],"replies":[{"embeddable":true,"href":"https:\/\/www.finansus.pl\/finansus-dev\/wp-json\/wp\/v2\/comments?post=37"}],"version-history":[{"count":8,"href":"https:\/\/www.finansus.pl\/finansus-dev\/wp-json\/wp\/v2\/pages\/37\/revisions"}],"predecessor-version":[{"id":60,"href":"https:\/\/www.finansus.pl\/finansus-dev\/wp-json\/wp\/v2\/pages\/37\/revisions\/60"}],"up":[{"embeddable":true,"href":"https:\/\/www.finansus.pl\/finansus-dev\/wp-json\/wp\/v2\/pages\/9"}],"wp:featuredmedia":[{"embeddable":true,"href":"https:\/\/www.finansus.pl\/finansus-dev\/wp-json\/wp\/v2\/media\/41"}],"wp:attachment":[{"href":"https:\/\/www.finansus.pl\/finansus-dev\/wp-json\/wp\/v2\/media?parent=37"}],"curies":[{"name":"wp","href":"https:\/\/api.w.org\/{rel}","templated":true}]}}