{"id":5,"date":"2020-03-22T11:44:01","date_gmt":"2020-03-22T10:44:01","guid":{"rendered":"http:\/\/www.finansus.pl\/finansus-dev\/?page_id=5"},"modified":"2020-09-17T19:08:00","modified_gmt":"2020-09-17T17:08:00","slug":"o-firmie","status":"publish","type":"page","link":"https:\/\/www.finansus.pl\/finansus-dev\/","title":{"rendered":"O firmie"},"content":{"rendered":"\n<div class=\"icon-items\">\n<div class=\"container\">\n<div class=\"content-side\">\n<div class=\"row\">\n<div class=\"col-md-12\">\n\n\n\n<div class=\"wp-container-4 wp-block-columns icons-item\">\n<div class=\"wp-container-1 wp-block-column\" style=\"flex-basis:33.33%\">\n<figure class=\"wp-block-image size-large\"><img loading=\"lazy\" width=\"236\" height=\"234\" src=\"https:\/\/www.finansus.pl\/finansus-dev\/wp-content\/uploads\/2020\/04\/grafika_onas.png\" alt=\"\" class=\"wp-image-267\" srcset=\"https:\/\/www.finansus.pl\/finansus-dev\/wp-content\/uploads\/2020\/04\/grafika_onas.png 236w, https:\/\/www.finansus.pl\/finansus-dev\/wp-content\/uploads\/2020\/04\/grafika_onas-150x150.png 150w, https:\/\/www.finansus.pl\/finansus-dev\/wp-content\/uploads\/2020\/04\/grafika_onas-200x198.png 200w\" sizes=\"(max-width: 236px) 100vw, 236px\" \/><\/figure>\n\n\n\n<p><\/p>\n<\/div>\n\n\n\n<div class=\"wp-container-3 wp-block-column\" style=\"flex-basis:66.66%\">\n<p style=\"font-size:28px\" class=\"icons-title\"><strong>O nas<\/strong><\/p>\n\n\n\n<p><strong>Finansus Sp. J. zajmuje si\u0119 doradztwem z szeroko<\/strong> <strong>pojmowanego zakresu rachunkowo\u015bci, podatk\u00f3w, prawa<\/strong><br><strong>pracy, informatyki i marketingu.<\/strong><\/p>\n\n\n\n<p>Sp\u00f3\u0142ka istnieje od 15.01.2003 r.<\/p>\n\n\n\n<p>Wsp\u00f3\u0142pracujemy na sta\u0142e z pracownikami Katedry Rachunkowo\u015bci U\u0141, Katedry Marketingu U\u0141 oraz bieg\u0142ymi rewidentami z uprawnieniami polskimi i mi\u0119dzynarodowymi.<\/p>\n\n\n\n<p><\/p>\n\n\n\n<div class=\"wp-container-2 wp-block-buttons\">\n<div class=\"wp-block-button orange\"><a class=\"wp-block-button__link\" href=\"https:\/\/www.finansus.pl\/finansus-dev\/wspolnicy\/\" rel=\"\">Dowiedz si\u0119 wi\u0119cej<\/a><\/div>\n<\/div>\n\n\n\n<p><\/p>\n<\/div>\n<\/div>\n\n\n\n<\/div>\n<\/div>\n<\/div>\n<\/div>\n<\/div>\n<div class=\"icon-items\" style=\"background-color: #f6faff\">\n<div class=\"container\">\n<div class=\"content-side\">\n<div class=\"row\">\n<div class=\"col-md-12\">\n\n\n\n<div class=\"wp-container-8 wp-block-columns has-background icons-item\" style=\"background-color:#f6faff\">\n<div class=\"wp-container-6 wp-block-column\" style=\"flex-basis:66.66%\">\n<p style=\"font-size:28px\"><strong>Audyty<\/strong><\/p>\n\n\n\n<p style=\"font-size:18px\">Spe\u0142niamy warunki okre\u015blone w ustawie z dnia 27 sierpnia 2009r. o finansach publicznych, aby prowadzi\u0107 audyt \u201eus\u0142ugodawcy\u201d. Zgodnie z art. 275 audyt wewn\u0119trzny w jednostkach zobowi\u0105zanych mo\u017ce prowadzi\u0107 us\u0142ugodawca niezatrudniony w jednostce.<\/p>\n\n\n\n<div class=\"wp-container-5 wp-block-buttons\">\n<div class=\"wp-block-button\"><a class=\"wp-block-button__link\" href=\"https:\/\/www.finansus.pl\/finansus-dev\/audyt\/\">Dowiedz si\u0119 wi\u0119cej<\/a><\/div>\n<\/div>\n\n\n\n<p><\/p>\n<\/div>\n\n\n\n<div class=\"wp-container-7 wp-block-column\" style=\"flex-basis:33.33%\">\n<div class=\"wp-block-image\"><figure class=\"alignright size-large\"><img loading=\"lazy\" width=\"239\" height=\"227\" src=\"https:\/\/www.finansus.pl\/finansus-dev\/wp-content\/uploads\/2020\/04\/grafika_audyty.png\" alt=\"\" class=\"wp-image-261\" srcset=\"https:\/\/www.finansus.pl\/finansus-dev\/wp-content\/uploads\/2020\/04\/grafika_audyty.png 239w, https:\/\/www.finansus.pl\/finansus-dev\/wp-content\/uploads\/2020\/04\/grafika_audyty-200x190.png 200w\" sizes=\"(max-width: 239px) 100vw, 239px\" \/><\/figure><\/div>\n<\/div>\n<\/div>\n\n\n\n<\/div>\n<\/div>\n<\/div>\n<\/div>\n<\/div>\n<div class=\"icon-items\">\n<div class=\"container\">\n<div class=\"content-side\">\n<div class=\"row\">\n<div class=\"col-md-12\">\n\n\n\n<div class=\"wp-container-12 wp-block-columns icons-item\">\n<div class=\"wp-container-9 wp-block-column\" style=\"flex-basis:33.33%\">\n<figure class=\"wp-block-image size-large\"><img loading=\"lazy\" width=\"237\" height=\"194\" src=\"https:\/\/www.finansus.pl\/finansus-dev\/wp-content\/uploads\/2020\/04\/grafika_arkusze.png\" alt=\"\" class=\"wp-image-264\" srcset=\"https:\/\/www.finansus.pl\/finansus-dev\/wp-content\/uploads\/2020\/04\/grafika_arkusze.png 237w, https:\/\/www.finansus.pl\/finansus-dev\/wp-content\/uploads\/2020\/04\/grafika_arkusze-200x164.png 200w\" sizes=\"(max-width: 237px) 100vw, 237px\" \/><\/figure>\n<\/div>\n\n\n\n<div class=\"wp-container-11 wp-block-column\" style=\"flex-basis:66.66%\">\n<p style=\"font-size:28px\"><strong>Arkusze kalkulacyjne<\/strong><\/p>\n\n\n\n<p style=\"font-size:18px\">Ponadto specjalizujemy si\u0119 w tworzeniu modeli arkuszy kalkulacyjnych Excel do wybranych obszar\u00f3w rachunkowo\u015bci (np. obliczanie rezerw na \u015bwiadczenia pracownicze, amortyzacja wed\u0142ug MSR\/MSSF, bud\u017cetowanie i analiza odchyle\u0144, wielostoponiowy.<\/p>\n\n\n\n<div class=\"wp-container-10 wp-block-buttons\">\n<div class=\"wp-block-button grey\"><a class=\"wp-block-button__link\" href=\"https:\/\/www.finansus.pl\/finansus-dev\/arkusze-kalkulacyjne\/\">Dowiedz si\u0119 wi\u0119cej<\/a><\/div>\n<\/div>\n<\/div>\n<\/div>\n\n\n\n<\/div>\n<\/div>\n<\/div>\n<\/div>\n<\/div>\n<div class=\"icon-items\" style=\"background-color: #fefbf6\">\n<div class=\"container\">\n<div class=\"content-side\">\n<div class=\"row\">\n<div class=\"col-md-12\">\n\n\n\n<div class=\"wp-container-16 wp-block-columns has-background icons-item\" style=\"background-color:#fefbf6\">\n<div class=\"wp-container-13 wp-block-column\" style=\"flex-basis:33.33%\">\n<figure class=\"wp-block-image size-large\"><img loading=\"lazy\" width=\"224\" height=\"221\" src=\"https:\/\/www.finansus.pl\/finansus-dev\/wp-content\/uploads\/2020\/04\/grafika_doradztwo.png\" alt=\"\" class=\"wp-image-257\" srcset=\"https:\/\/www.finansus.pl\/finansus-dev\/wp-content\/uploads\/2020\/04\/grafika_doradztwo.png 224w, https:\/\/www.finansus.pl\/finansus-dev\/wp-content\/uploads\/2020\/04\/grafika_doradztwo-200x197.png 200w\" sizes=\"(max-width: 224px) 100vw, 224px\" \/><\/figure>\n<\/div>\n\n\n\n<div class=\"wp-container-15 wp-block-column\" style=\"flex-basis:66.66%\">\n<p style=\"font-size:28px\"><strong>Doradztwo finansowe<\/strong><\/p>\n\n\n\n<p>Zajmujemy si\u0119 szerokim zakresem us\u0142ug w zakresie doradztwa finansowego, w tym m.in.<\/p>\n\n\n\n<ul><li>Prowadzeniem ksi\u0105g rachunkowych<\/li><li>Przekszta\u0142ceniami i rejestracj\u0105<\/li><li>Wycen\u0105 przedsi\u0119biorstw<\/li><li>Kontrol\u0105 zarz\u0105dcza<\/li><li>Opracowaniem polityki rachunkowo\u015bci<\/li><li>Opracowaniem instrukcji wewn\u0119trznych<\/li><li>Opiniami s\u0105dowymi<\/li><li>Doradztwem specjalistycznym dla bran\u017cy budowlanej i deweloperskiej<\/li><\/ul>\n\n\n\n<div class=\"wp-container-14 wp-block-buttons\">\n<div class=\"wp-block-button orange\"><a class=\"wp-block-button__link\" href=\"https:\/\/www.finansus.pl\/finansus-dev\/doradztwo-finansowe\/\">Dowiedz si\u0119 wi\u0119cej<\/a><\/div>\n<\/div>\n<\/div>\n<\/div>\n\n\n\n<\/div>\n<\/div>\n<\/div>\n<\/div>\n<\/div>\n<div class=\"icon-items\" style=\"background-color: #f6faff\">\n<div class=\"container\">\n<div class=\"content-side\">\n<div class=\"row\">\n<div class=\"col-md-12\">\n\n\n\n<div class=\"wp-container-20 wp-block-columns has-background icons-item\" style=\"background-color:#f6faff\">\n<div class=\"wp-container-18 wp-block-column\" style=\"flex-basis:66.66%\">\n<p style=\"font-size:28px\"><strong>Szkolenia<\/strong><\/p>\n\n\n\n<p style=\"font-size:18px\">Prowadzimy szkolenia otwarte oraz zamkni\u0119te za zakresu zarz\u0105dzania, finans\u00f3w, audytu, rachunkowo\u015bci finansowej oraz rachunkowo\u015bci zarz\u0105dczej i controllingu.<\/p>\n\n\n\n<div class=\"wp-container-17 wp-block-buttons\">\n<div class=\"wp-block-button\"><a class=\"wp-block-button__link\" href=\"https:\/\/www.finansus.pl\/finansus-dev\/szkolenia\/\">Dowiedz si\u0119 wi\u0119cej<\/a><\/div>\n<\/div>\n<\/div>\n\n\n\n<div class=\"wp-container-19 wp-block-column\" style=\"flex-basis:33.33%\">\n<div class=\"wp-block-image\"><figure class=\"alignright size-large\"><img loading=\"lazy\" width=\"232\" height=\"202\" src=\"https:\/\/www.finansus.pl\/finansus-dev\/wp-content\/uploads\/2020\/04\/grafika_szkolenia.png\" alt=\"\" class=\"wp-image-269\" srcset=\"https:\/\/www.finansus.pl\/finansus-dev\/wp-content\/uploads\/2020\/04\/grafika_szkolenia.png 232w, https:\/\/www.finansus.pl\/finansus-dev\/wp-content\/uploads\/2020\/04\/grafika_szkolenia-200x174.png 200w\" sizes=\"(max-width: 232px) 100vw, 232px\" \/><\/figure><\/div>\n<\/div>\n<\/div>\n\n\n\n<\/div>\n<\/div>\n<\/div>\n<\/div>\n<\/div>\n<div class=\"icon-items\">\n<div class=\"container\">\n<div class=\"content-side\">\n<div class=\"row\">\n<div class=\"col-md-12\">\n\n\n\n<div class=\"wp-container-24 wp-block-columns icons-item\">\n<div class=\"wp-container-21 wp-block-column\" style=\"flex-basis:33.33%\">\n<figure class=\"wp-block-image size-large\"><img loading=\"lazy\" width=\"207\" height=\"217\" src=\"https:\/\/www.finansus.pl\/finansus-dev\/wp-content\/uploads\/2020\/04\/grafika_ksiazki.png\" alt=\"\" class=\"wp-image-270\" srcset=\"https:\/\/www.finansus.pl\/finansus-dev\/wp-content\/uploads\/2020\/04\/grafika_ksiazki.png 207w, https:\/\/www.finansus.pl\/finansus-dev\/wp-content\/uploads\/2020\/04\/grafika_ksiazki-191x200.png 191w\" sizes=\"(max-width: 207px) 100vw, 207px\" \/><\/figure>\n<\/div>\n\n\n\n<div class=\"wp-container-23 wp-block-column\" style=\"flex-basis:66.66%\">\n<p style=\"font-size:28px\"><strong>Nasze ksi\u0105\u017cki<\/strong><\/p>\n\n\n\n<p style=\"font-size:18px\">Nasze ksi\u0105\u017cki s\u0105 doskona\u0142ym uzupe\u0142nieniem oferty us\u0142ug consultingowych.<\/p>\n\n\n\n<div class=\"wp-container-22 wp-block-buttons\">\n<div class=\"wp-block-button grey\"><a class=\"wp-block-button__link\" href=\"https:\/\/www.finansus.pl\/finansus-dev\/nasze-ksiazki\/\">Dowiedz si\u0119 wi\u0119cej<\/a><\/div>\n<\/div>\n\n\n\n<p><\/p>\n<\/div>\n<\/div>\n\n\n\n<div class=\"wp-container-26 wp-block-group\"><div class=\"wp-block-group__inner-container\">\n<div class=\"wp-container-25 wp-block-group\"><div class=\"wp-block-group__inner-container\">\n<\/div>\n<\/div>\n<\/div>\n<\/div>\n<\/div>\n<\/div><\/div>\n<\/div><\/div>\n\n\n\n<p><\/p>\n","protected":false},"excerpt":{"rendered":"<p>O nas Finansus Sp. J. zajmuje si\u0119 doradztwem z szeroko pojmowanego zakresu rachunkowo\u015bci, podatk\u00f3w, prawapracy, informatyki i marketingu. Sp\u00f3\u0142ka istnieje od 15.01.2003 r. Wsp\u00f3\u0142pracujemy na sta\u0142e z pracownikami Katedry Rachunkowo\u015bci U\u0141, Katedry Marketingu U\u0141 oraz bieg\u0142ymi rewidentami z uprawnieniami polskimi i mi\u0119dzynarodowymi. Audyty Spe\u0142niamy warunki okre\u015blone w ustawie z dnia 27 sierpnia 2009r. o finansach publicznych, aby prowadzi\u0107 audyt \u201eus\u0142ugodawcy\u201d. Zgodnie z art. 275 audyt wewn\u0119trzny w jednostkach zobowi\u0105zanych mo\u017ce prowadzi\u0107 us\u0142ugodawca niezatrudniony w jednostce. Arkusze kalkulacyjne Ponadto specjalizujemy si\u0119 w tworzeniu modeli arkuszy kalkulacyjnych Excel do wybranych obszar\u00f3w rachunkowo\u015bci (np. obliczanie rezerw na \u015bwiadczenia pracownicze, amortyzacja wed\u0142ug MSR\/MSSF, bud\u017cetowanie i analiza odchyle\u0144, wielostoponiowy. Doradztwo finansowe Zajmujemy si\u0119 szerokim zakresem us\u0142ug w zakresie doradztwa finansowego, w tym m.in. Prowadzeniem ksi\u0105g rachunkowych Przekszta\u0142ceniami i rejestracj\u0105 Wycen\u0105 przedsi\u0119biorstw Kontrol\u0105 zarz\u0105dcza Opracowaniem polityki rachunkowo\u015bci Opracowaniem instrukcji wewn\u0119trznych Opiniami s\u0105dowymi Doradztwem specjalistycznym dla bran\u017cy budowlanej i deweloperskiej Szkolenia Prowadzimy szkolenia otwarte oraz zamkni\u0119te za(&#8230;)<\/p>\n","protected":false},"author":1,"featured_media":0,"parent":0,"menu_order":0,"comment_status":"closed","ping_status":"closed","template":"","meta":[],"_links":{"self":[{"href":"https:\/\/www.finansus.pl\/finansus-dev\/wp-json\/wp\/v2\/pages\/5"}],"collection":[{"href":"https:\/\/www.finansus.pl\/finansus-dev\/wp-json\/wp\/v2\/pages"}],"about":[{"href":"https:\/\/www.finansus.pl\/finansus-dev\/wp-json\/wp\/v2\/types\/page"}],"author":[{"embeddable":true,"href":"https:\/\/www.finansus.pl\/finansus-dev\/wp-json\/wp\/v2\/users\/1"}],"replies":[{"embeddable":true,"href":"https:\/\/www.finansus.pl\/finansus-dev\/wp-json\/wp\/v2\/comments?post=5"}],"version-history":[{"count":35,"href":"https:\/\/www.finansus.pl\/finansus-dev\/wp-json\/wp\/v2\/pages\/5\/revisions"}],"predecessor-version":[{"id":335,"href":"https:\/\/www.finansus.pl\/finansus-dev\/wp-json\/wp\/v2\/pages\/5\/revisions\/335"}],"wp:attachment":[{"href":"https:\/\/www.finansus.pl\/finansus-dev\/wp-json\/wp\/v2\/media?parent=5"}],"curies":[{"name":"wp","href":"https:\/\/api.w.org\/{rel}","templated":true}]}}