{"id":9,"date":"2020-03-22T11:45:42","date_gmt":"2020-03-22T10:45:42","guid":{"rendered":"http:\/\/www.finansus.pl\/finansus-dev\/?page_id=9"},"modified":"2020-04-08T15:38:11","modified_gmt":"2020-04-08T13:38:11","slug":"wspolnicy","status":"publish","type":"page","link":"https:\/\/www.finansus.pl\/finansus-dev\/wspolnicy\/","title":{"rendered":"O nas"},"content":{"rendered":"\n<p style=\"font-size:18px\"><span style=\"color:#1160d1\" class=\"tadv-color\">O firmie<\/span><\/p>\n\n\n\n<p style=\"font-size:22px\"><strong>Finansus Sp. J. zajmuje si\u0119 doradztwem z szeroko <\/strong><br><strong>pojmowanego zakresu rachunkowo\u015bci, podatk\u00f3w, prawa <\/strong><br><strong>pracy, informatyki i marketingu. <\/strong><\/p>\n\n\n\n<p style=\"font-size:18px\"> Sp\u00f3\u0142ka istnieje od 15.01.2003 r. <br><\/p>\n\n\n\n<p class=\"has-normal-font-size\">Wsp\u00f3\u0142pracujemy na sta\u0142e z pracownikami Katedry Rachunkowo\u015bci U\u0141, Katedry  Marketingu U\u0141 oraz bieg\u0142ymi rewidentami z uprawnieniami polskimi i  mi\u0119dzynarodowymi. <\/p>\n\n\n\n<p class=\"has-normal-font-size\">Ponadto firma specjalizuje si\u0119 w tworzeniu modeli <a href=\"https:\/\/www.finansus.pl\/finansus-dev\/arkusze-kalkulacyjne\/\">arkuszy kalkulacyjnych Excel<\/a>  do wybranych obszar\u00f3w rachunkowo\u015bci (np. obliczanie rezerw na  \u015bwiadczenia pracownicze, amortyzacja wed\u0142ug MSR\/MSSF, bud\u017cetowanie i  analiza odchyle\u0144,&nbsp;wielostoponiowy i wieloblokowy rachunek koszt\u00f3w,  kalkulacja&nbsp;koszt\u00f3w wyrob\u00f3w i us\u0142ug,&nbsp;analiza finansowa sprawozda\u0144  finansowych,&nbsp;&nbsp;arkusze inwentaryzacyjne,&nbsp;itd.). <\/p>\n\n\n\n<p><\/p>\n\n\n\n<div class=\"wp-block-media-text alignwide is-stacked-on-mobile wspolnicy col-sm-12\"><figure class=\"wp-block-media-text__media\"><img loading=\"lazy\" width=\"156\" height=\"156\" src=\"https:\/\/www.finansus.pl\/finansus-dev\/wp-content\/uploads\/2020\/03\/DSC3576-1-150x150-1.png\" alt=\"\" class=\"wp-image-41\" srcset=\"https:\/\/www.finansus.pl\/finansus-dev\/wp-content\/uploads\/2020\/03\/DSC3576-1-150x150-1.png 156w, https:\/\/www.finansus.pl\/finansus-dev\/wp-content\/uploads\/2020\/03\/DSC3576-1-150x150-1-150x150.png 150w\" sizes=\"(max-width: 156px) 100vw, 156px\" \/><\/figure><div class=\"wp-block-media-text__content\">\n<p style=\"font-size:18px\"> <strong>Monika Kalinowska<\/strong><\/p>\n\n\n\n<p class=\"has-normal-font-size\">Absolwentka Wydzia\u0142u Ekonomiczno &#8211; Socjologicznego Uniwersytetu \u0141\u00f3dzkiego kierunku Finanse i Bankowo\u015b\u0107 specjalizacja Strategie Podatkowe. Absolwentka Podyplomowego Studium Rachunkowo\u015bci i Zarz\u0105dzania Finansowego na Uniwersytecie \u0141\u00f3dzkim oraz Podyplomowego Studium Prawa Podatkowego. <\/p>\n\n\n\n<div class=\"wp-block-button\"><a class=\"wp-block-button__link\" href=\"https:\/\/www.finansus.pl\/finansus-dev\/wspolnicy\/monika-kalinowska\/\">Pe\u0142ny biogram<\/a><\/div>\n<\/div><\/div>\n\n\n\n<div class=\"wp-block-media-text alignwide is-stacked-on-mobile wspolnicy col-sm-12\"><figure class=\"wp-block-media-text__media\"><img loading=\"lazy\" width=\"156\" height=\"156\" src=\"https:\/\/www.finansus.pl\/finansus-dev\/wp-content\/uploads\/2020\/03\/jacek_kalinowski.png\" alt=\"\" class=\"wp-image-47\" srcset=\"https:\/\/www.finansus.pl\/finansus-dev\/wp-content\/uploads\/2020\/03\/jacek_kalinowski.png 156w, https:\/\/www.finansus.pl\/finansus-dev\/wp-content\/uploads\/2020\/03\/jacek_kalinowski-150x150.png 150w\" sizes=\"(max-width: 156px) 100vw, 156px\" \/><\/figure><div class=\"wp-block-media-text__content\">\n<p style=\"font-size:18px\"> <strong>dr Jacek Kalinowski<\/strong> <strong><span style=\"color:#090909\" class=\"tadv-color\"><\/span><\/strong><\/p>\n\n\n\n<p class=\"has-normal-font-size\">Adiunkt w Katedrze Rachunkowo\u015bci Wydzia\u0142u Zarz\u0105dzania Uniwersytetu \u0141\u00f3dzkiego oraz z-ca Kwestora Uniwersytetu \u0141\u00f3dzkiego. Cz\u0142onek Rady Dyrektor\u00f3w Mi\u0119dzyuniwersyteckiego Centrum Informatyzacji. Kierownik studi\u00f3w podyplomowych \u201eRachunkowo\u015b\u0107 ma\u0142ych i \u015brednich przedsi\u0119biorstw\u201d, realizowanych na Wydziale Zarz\u0105dzania U\u0141. Stypendysta University of Texas at Austin. <\/p>\n\n\n\n<div class=\"wp-block-button\"><a class=\"wp-block-button__link\" href=\"https:\/\/www.finansus.pl\/finansus-dev\/wspolnicy\/dr-jacek-kalinowski\/\">Pe\u0142ny biogram<\/a><\/div>\n\n\n\n<p><\/p>\n<\/div><\/div>\n","protected":false},"excerpt":{"rendered":"<p>O firmie Finansus Sp. J. zajmuje si\u0119 doradztwem z szeroko pojmowanego zakresu rachunkowo\u015bci, podatk\u00f3w, prawa pracy, informatyki i marketingu. Sp\u00f3\u0142ka istnieje od 15.01.2003 r. Wsp\u00f3\u0142pracujemy na sta\u0142e z pracownikami Katedry Rachunkowo\u015bci U\u0141, Katedry Marketingu U\u0141 oraz bieg\u0142ymi rewidentami z uprawnieniami polskimi i mi\u0119dzynarodowymi. Ponadto firma specjalizuje si\u0119 w tworzeniu modeli arkuszy kalkulacyjnych Excel do wybranych obszar\u00f3w rachunkowo\u015bci (np. obliczanie rezerw na \u015bwiadczenia pracownicze, amortyzacja wed\u0142ug MSR\/MSSF, bud\u017cetowanie i analiza odchyle\u0144,&nbsp;wielostoponiowy i wieloblokowy rachunek koszt\u00f3w, kalkulacja&nbsp;koszt\u00f3w wyrob\u00f3w i us\u0142ug,&nbsp;analiza finansowa sprawozda\u0144 finansowych,&nbsp;&nbsp;arkusze inwentaryzacyjne,&nbsp;itd.).<\/p>\n","protected":false},"author":1,"featured_media":0,"parent":0,"menu_order":0,"comment_status":"closed","ping_status":"closed","template":"","meta":[],"_links":{"self":[{"href":"https:\/\/www.finansus.pl\/finansus-dev\/wp-json\/wp\/v2\/pages\/9"}],"collection":[{"href":"https:\/\/www.finansus.pl\/finansus-dev\/wp-json\/wp\/v2\/pages"}],"about":[{"href":"https:\/\/www.finansus.pl\/finansus-dev\/wp-json\/wp\/v2\/types\/page"}],"author":[{"embeddable":true,"href":"https:\/\/www.finansus.pl\/finansus-dev\/wp-json\/wp\/v2\/users\/1"}],"replies":[{"embeddable":true,"href":"https:\/\/www.finansus.pl\/finansus-dev\/wp-json\/wp\/v2\/comments?post=9"}],"version-history":[{"count":19,"href":"https:\/\/www.finansus.pl\/finansus-dev\/wp-json\/wp\/v2\/pages\/9\/revisions"}],"predecessor-version":[{"id":215,"href":"https:\/\/www.finansus.pl\/finansus-dev\/wp-json\/wp\/v2\/pages\/9\/revisions\/215"}],"wp:attachment":[{"href":"https:\/\/www.finansus.pl\/finansus-dev\/wp-json\/wp\/v2\/media?parent=9"}],"curies":[{"name":"wp","href":"https:\/\/api.w.org\/{rel}","templated":true}]}}